{"id":90,"date":"2025-12-09T14:31:17","date_gmt":"2025-12-09T14:31:17","guid":{"rendered":"https:\/\/areaionx.com\/?page_id=90"},"modified":"2026-01-12T08:09:34","modified_gmt":"2026-01-12T08:09:34","slug":"yetkinliklerimiz","status":"publish","type":"page","link":"https:\/\/www.areaionx.com\/en\/yetkinliklerimiz\/","title":{"rendered":"Competencies"},"content":{"rendered":"<figure class=\"wp-block-image size-full is-resized\"><img loading=\"lazy\" decoding=\"async\" width=\"1080\" height=\"306\" src=\"https:\/\/areaionx.com\/wp-content\/uploads\/2025\/12\/sektorler.webp\" alt=\"\" class=\"wp-image-91\" style=\"width:1378px;height:auto\" srcset=\"https:\/\/www.areaionx.com\/wp-content\/uploads\/2025\/12\/sektorler.webp 1080w, https:\/\/www.areaionx.com\/wp-content\/uploads\/2025\/12\/sektorler-300x85.webp 300w, https:\/\/www.areaionx.com\/wp-content\/uploads\/2025\/12\/sektorler-1024x290.webp 1024w, https:\/\/www.areaionx.com\/wp-content\/uploads\/2025\/12\/sektorler-768x218.webp 768w\" sizes=\"auto, (max-width: 1080px) 100vw, 1080px\" \/><\/figure>\n\n\n\n<h3 class=\"wp-block-heading has-text-align-center\">Industry-Specific, Intelligent, and Compliant Solutions<\/h3>\n\n\n\n<p>With its visual AI\u2013based analytics infrastructure and industry-specific modular package structure, AREaiONX delivers fast, secure, and integrated solutions across multiple domains.<\/p>\n\n\n\n<h4 class=\"wp-block-heading\">Key Industries We Serve<\/h4>\n\n\n\n<ul class=\"wp-block-list\">\n<li>Industrial Facilities &amp; Manufacturing Plants<\/li>\n\n\n\n<li>Logistics &amp; Warehousing Centers<\/li>\n\n\n\n<li>Educational Institutions (Especially Kindergartens)<\/li>\n\n\n\n<li>Patient and Elderly Care Centers<\/li>\n\n\n\n<li>Social Facilities &amp; Sports Areas<\/li>\n\n\n\n<li>Business Centers and Office Campuses<\/li>\n\n\n\n<li>Boutique, Customized, or Organization-Specific Application Areas<\/li>\n<\/ul>\n\n\n\n<h4 class=\"wp-block-heading\">SOPHTRUN\u2019s Capabilities<\/h4>\n\n\n\n<p><strong><mark style=\"background-color:rgba(0, 0, 0, 0)\" class=\"has-inline-color has-primary-color\">Teknoloji Geli\u015ftiren, De\u011fer Yaratan \u00c7\u00f6z\u00fcm Orta\u011f\u0131n\u0131z<\/mark><\/strong><\/p>\n\n\n\n<p>AREaiONX has been developed by a strong team that brings together interdisciplinary expertise:<\/p>\n\n\n\n<ul class=\"wp-block-list\">\n<li>Capability to develop analysis and solutions based on industry-specific scenarios<\/li>\n\n\n\n<li>Capacity to take an active role in scientifically funded projects such as T\u00dcB\u0130TAK and the European Union<\/li>\n\n\n\n<li>Positioned within the technopark ecosystem, enabling both R&amp;D advantages and sustainable growth through young talent.<\/li>\n\n\n\n<li>Capability to analyze organizations\u2019 digital transformation maturity levels and create roadmaps aligned with their corporate architecture.<\/li>\n<\/ul>\n\n\n\n<h4 class=\"wp-block-heading\">Our Team\u2019s Capabilities<\/h4>\n\n\n\n<p><strong><mark style=\"background-color:rgba(0, 0, 0, 0)\" class=\"has-inline-color has-primary-color\">Experience, Expertise, and an Innovative Spirit United Under One Roof<\/mark><\/strong><\/p>\n\n\n\n<p>AREaiONX has been developed by a strong team that brings together interdisciplinary expertise:<\/p>\n\n\n\n<ul class=\"wp-block-list\">\n<li>Chief Artificial Intelligence Auditor<\/li>\n\n\n\n<li>Digital Transformation Specialist<\/li>\n\n\n\n<li>Lead Information Security Management System Auditor (ISO 27001)<\/li>\n\n\n\n<li>Class A Occupational Health and Safety Specialist<\/li>\n\n\n\n<li>Fire and Emergency Safety Specialist<\/li>\n\n\n\n<li>Engineers for Visual Analytics Applications and Service Development<\/li>\n\n\n\n<li>Young, dynamic engineers and developers proficient in technologies such as Python, C++, TensorFlow, and OpenVINO, and committed to ethical values.<\/li>\n<\/ul>","protected":false},"excerpt":{"rendered":"<p>Sekt\u00f6r\u00fcn\u00fcze Uygun, Ak\u0131ll\u0131 ve Uyumlu \u00c7\u00f6z\u00fcmler AREaiONX; g\u00f6rsel yapay zeka tabanl\u0131 analiz altyap\u0131s\u0131 ve sekt\u00f6re \u00f6zel mod\u00fcler paket yap\u0131s\u0131 sayesinde bir\u00e7ok alanda h\u0131zl\u0131, g\u00fcvenli ve entegre \u00e7\u00f6z\u00fcmler sunar. Hizmet Verilebilecek Ba\u015fl\u0131ca Sekt\u00f6rler SOPHTRUN\u2019un Yetkinlikleri Teknoloji Geli\u015ftiren, De\u011fer Yaratan \u00c7\u00f6z\u00fcm Orta\u011f\u0131n\u0131z AREaiONX, disiplinler aras\u0131 uzmanl\u0131klar\u0131 bir araya getiren g\u00fc\u00e7l\u00fc bir ekip taraf\u0131ndan geli\u015ftirilmi\u015ftir: Ekibimizin Yetkinlikleri Tecr\u00fcbe, [&hellip;]<\/p>\n","protected":false},"author":1,"featured_media":0,"parent":0,"menu_order":0,"comment_status":"closed","ping_status":"closed","template":"","meta":{"_joinchat":[],"footnotes":""},"class_list":["post-90","page","type-page","status-publish","hentry"],"featured_image_url":[],"post_author":"AREaiONX","assigned_categories":"","_links":{"self":[{"href":"https:\/\/www.areaionx.com\/en\/wp-json\/wp\/v2\/pages\/90","targetHints":{"allow":["GET"]}}],"collection":[{"href":"https:\/\/www.areaionx.com\/en\/wp-json\/wp\/v2\/pages"}],"about":[{"href":"https:\/\/www.areaionx.com\/en\/wp-json\/wp\/v2\/types\/page"}],"author":[{"embeddable":true,"href":"https:\/\/www.areaionx.com\/en\/wp-json\/wp\/v2\/users\/1"}],"replies":[{"embeddable":true,"href":"https:\/\/www.areaionx.com\/en\/wp-json\/wp\/v2\/comments?post=90"}],"version-history":[{"count":2,"href":"https:\/\/www.areaionx.com\/en\/wp-json\/wp\/v2\/pages\/90\/revisions"}],"predecessor-version":[{"id":440,"href":"https:\/\/www.areaionx.com\/en\/wp-json\/wp\/v2\/pages\/90\/revisions\/440"}],"wp:attachment":[{"href":"https:\/\/www.areaionx.com\/en\/wp-json\/wp\/v2\/media?parent=90"}],"curies":[{"name":"wp","href":"https:\/\/api.w.org\/{rel}","templated":true}]}}