{"id":86,"date":"2025-12-09T14:16:38","date_gmt":"2025-12-09T14:16:38","guid":{"rendered":"https:\/\/areaionx.com\/?page_id=86"},"modified":"2026-01-12T08:08:34","modified_gmt":"2026-01-12T08:08:34","slug":"yonumuz","status":"publish","type":"page","link":"https:\/\/www.areaionx.com\/en\/yonumuz\/","title":{"rendered":"Direction"},"content":{"rendered":"<figure class=\"wp-block-image size-full\"><img loading=\"lazy\" decoding=\"async\" width=\"1920\" height=\"544\" src=\"https:\/\/areaionx.com\/wp-content\/uploads\/2025\/12\/ic-sayfa-fabrika.webp\" alt=\"\" class=\"wp-image-87\" style=\"aspect-ratio:3.5294117647058822\" srcset=\"https:\/\/www.areaionx.com\/wp-content\/uploads\/2025\/12\/ic-sayfa-fabrika.webp 1920w, https:\/\/www.areaionx.com\/wp-content\/uploads\/2025\/12\/ic-sayfa-fabrika-300x85.webp 300w, https:\/\/www.areaionx.com\/wp-content\/uploads\/2025\/12\/ic-sayfa-fabrika-1024x290.webp 1024w, https:\/\/www.areaionx.com\/wp-content\/uploads\/2025\/12\/ic-sayfa-fabrika-768x218.webp 768w, https:\/\/www.areaionx.com\/wp-content\/uploads\/2025\/12\/ic-sayfa-fabrika-1536x435.webp 1536w\" sizes=\"auto, (max-width: 1920px) 100vw, 1920px\" \/><\/figure>\n\n\n\n<figure class=\"wp-block-pullquote\"><blockquote><p>\"We are building the smart world of the future today\"<\/p><\/blockquote><\/figure>\n\n\n\n<h3 class=\"wp-block-heading\">Our Dream \/ Our Vision<\/h3>\n\n\n\n<p>To become the go-to technology company in the fields of computer vision and artificial intelligence.<\/p>\n\n\n\n<h3 class=\"wp-block-heading\">Our Purpose \/ Our Mission<\/h3>\n\n\n\n<p>We work to interpret the visual world through artificial intelligence and make it accessible to everyone, with the aim of creating a safer, smarter, and more sustainable world.<\/p>\n\n\n\n<figure class=\"wp-block-image size-full\"><img loading=\"lazy\" decoding=\"async\" width=\"2560\" height=\"718\" src=\"https:\/\/areaionx.com\/wp-content\/uploads\/2025\/12\/degerler-icon-scaled.webp\" alt=\"\" class=\"wp-image-88\" srcset=\"https:\/\/www.areaionx.com\/wp-content\/uploads\/2025\/12\/degerler-icon-scaled.webp 2560w, https:\/\/www.areaionx.com\/wp-content\/uploads\/2025\/12\/degerler-icon-300x84.webp 300w, https:\/\/www.areaionx.com\/wp-content\/uploads\/2025\/12\/degerler-icon-1024x287.webp 1024w, https:\/\/www.areaionx.com\/wp-content\/uploads\/2025\/12\/degerler-icon-768x215.webp 768w, https:\/\/www.areaionx.com\/wp-content\/uploads\/2025\/12\/degerler-icon-1536x431.webp 1536w, https:\/\/www.areaionx.com\/wp-content\/uploads\/2025\/12\/degerler-icon-2048x574.webp 2048w\" sizes=\"auto, (max-width: 2560px) 100vw, 2560px\" \/><\/figure>\n\n\n\n<h3 class=\"wp-block-heading\">Our Values<\/h3>\n\n\n\n<blockquote class=\"wp-block-quote is-layout-flow wp-block-quote-is-layout-flow\">\n<p><strong>Boundless Curiosity and Innovation<\/strong><br>\u201cWe constantly ask questions to discover better solutions and develop innovative, boundary-breaking ideas.\u201d<br>We follow the latest trends in technology and deliver solutions that our customers may not yet be aware of.<br>We are a team that challenges standards, continuously learns, and shapes the future.<br>We are a team that challenges standards, continuously learns, and shapes the future.<\/p>\n\n\n\n<hr class=\"wp-block-separator has-alpha-channel-opacity\"\/>\n\n\n\n<p><strong>Ethical and Responsible Use of Artificial Intelligence<\/strong><br>We develop artificial intelligence in a transparent, fair, and human-centered manner.<br>We ensure that our algorithms are unbiased and reliable.<br>We process data only with user consent and prioritize privacy and ethical values.<br>We develop AI solutions that improve human life.<br>We use artificial intelligence not to replace humans, but to empower them.<\/p>\n\n\n\n<hr class=\"wp-block-separator has-alpha-channel-opacity\"\/>\n\n\n\n<p><strong>Accessibility, Reliability, and Transparency<\/strong><br>By making artificial intelligence accessible to everyone, we ensure that it simplifies the lives of not only large enterprises, but also SMEs and individuals.<br>By prioritizing user experience, we make technology easy to understand for everyone.<br>We act transparently and honestly in our relationships with our customers, employees, and society.<br>We clearly explain how the technology we develop works.<br>We aim to deliver long-term value to our customers and do not create hidden costs or unclear business models.<\/p>\n\n\n\n<hr class=\"wp-block-separator has-alpha-channel-opacity\"\/>\n\n\n\n<p><strong>AI + Human = The Perfect Experience<\/strong><br>By combining AI support with the human touch, we deliver a unique experience for both our employees and our customers.,<br>We implement free, engaging, and flexible working models to enable our employees to work creatively and efficiently.<br>We create unique experiences for our customers through personalization and rapid solutions in our products and services.<br>We value feedback and never leave our users alone.<\/p>\n\n\n\n<hr class=\"wp-block-separator has-alpha-channel-opacity\"\/>\n\n\n\n<p><strong>Sustainability and Responsibility<\/strong><br>We design technology with not only today in mind, but also the future.<br>By developing energy-efficient algorithms, we keep our carbon footprint to a minimum.<br>We build partnerships to benefit society and take responsibility for the world.<\/p>\n<\/blockquote>\n\n\n\n<h3 class=\"wp-block-heading\">What Makes Us Different<\/h3>\n\n\n\n<p><strong>Our Value Proposition:<\/strong><br>With our systems that minimize human error, accelerate processes, and enhance safety, businesses gain a competitive advantage while individual users are able to better protect their loved ones and their surroundings.<\/p>\n\n\n\n<p><strong>To this end;<\/strong><br>By transforming visual data into intelligent solutions through AI-powered computer vision technologies, we make both individual and industrial life safer, more efficient, and smarter with our innovative applications.<br>We monitor artificial intelligence technologies in both national and international markets,&nbsp;<strong>\u201cnot by doing what everyone else does, but by breaking conventions\u201d<\/strong>&nbsp;we aim to exist through disruptive solutions.<br>From infants to the elderly, from our animal companions to your homes and social spaces, we help keep the ones you care about safe.<br>Our ability to deliver tailored solutions for every need, combined with cost-effective and accessible products, makes your life easier.<br>We configure our solutions to operate on either on-premises or cloud infrastructures, providing flexibility based on preferences.<\/p>\n\n\n\n<p><\/p>","protected":false},"excerpt":{"rendered":"<p>&#8220;Gelece\u011fin ak\u0131ll\u0131 d\u00fcnyas\u0131n\u0131 bug\u00fcnden in\u015fa ediyoruz.&#8221; Hayalimiz \/ Vizyonumuz G\u00f6r\u00fcnt\u00fc i\u015fleme ve yapay zeka alan\u0131nda akla gelen teknoloji \u015firketi olmak. Varl\u0131k Amac\u0131m\u0131z \/ Misyonumuz Yapay zeka ile g\u00f6rsel d\u00fcnyay\u0131 anlamland\u0131r\u0131yor, herkes i\u00e7in eri\u015filebilir hale getirerek d\u00fcnyay\u0131 daha g\u00fcvenli, ak\u0131ll\u0131 ve s\u00fcrd\u00fcr\u00fclebilir bir yer haline getirmek i\u00e7in \u00e7al\u0131\u015f\u0131yoruz. De\u011ferlerimiz Neyi Farkl\u0131 Yap\u0131yoruz De\u011fer \u00d6nermemiz:\u0130nsan hatas\u0131n\u0131 minimize [&hellip;]<\/p>\n","protected":false},"author":1,"featured_media":0,"parent":0,"menu_order":0,"comment_status":"closed","ping_status":"closed","template":"","meta":{"_joinchat":[],"footnotes":""},"class_list":["post-86","page","type-page","status-publish","hentry"],"featured_image_url":[],"post_author":"AREaiONX","assigned_categories":"","_links":{"self":[{"href":"https:\/\/www.areaionx.com\/en\/wp-json\/wp\/v2\/pages\/86","targetHints":{"allow":["GET"]}}],"collection":[{"href":"https:\/\/www.areaionx.com\/en\/wp-json\/wp\/v2\/pages"}],"about":[{"href":"https:\/\/www.areaionx.com\/en\/wp-json\/wp\/v2\/types\/page"}],"author":[{"embeddable":true,"href":"https:\/\/www.areaionx.com\/en\/wp-json\/wp\/v2\/users\/1"}],"replies":[{"embeddable":true,"href":"https:\/\/www.areaionx.com\/en\/wp-json\/wp\/v2\/comments?post=86"}],"version-history":[{"count":3,"href":"https:\/\/www.areaionx.com\/en\/wp-json\/wp\/v2\/pages\/86\/revisions"}],"predecessor-version":[{"id":439,"href":"https:\/\/www.areaionx.com\/en\/wp-json\/wp\/v2\/pages\/86\/revisions\/439"}],"wp:attachment":[{"href":"https:\/\/www.areaionx.com\/en\/wp-json\/wp\/v2\/media?parent=86"}],"curies":[{"name":"wp","href":"https:\/\/api.w.org\/{rel}","templated":true}]}}