{"id":79,"date":"2025-12-08T13:11:40","date_gmt":"2025-12-08T13:11:40","guid":{"rendered":"https:\/\/areaionx.com\/?page_id=79"},"modified":"2026-01-12T08:06:54","modified_gmt":"2026-01-12T08:06:54","slug":"bize-dair","status":"publish","type":"page","link":"https:\/\/www.areaionx.com\/en\/bize-dair\/","title":{"rendered":"About Us"},"content":{"rendered":"<figure class=\"wp-block-image size-full\"><img loading=\"lazy\" decoding=\"async\" width=\"1636\" height=\"298\" src=\"https:\/\/areaionx.com\/wp-content\/uploads\/2025\/12\/Anlami.webp\" alt=\"\" class=\"wp-image-80\" srcset=\"https:\/\/www.areaionx.com\/wp-content\/uploads\/2025\/12\/Anlami.webp 1636w, https:\/\/www.areaionx.com\/wp-content\/uploads\/2025\/12\/Anlami-300x55.webp 300w, https:\/\/www.areaionx.com\/wp-content\/uploads\/2025\/12\/Anlami-1024x187.webp 1024w, https:\/\/www.areaionx.com\/wp-content\/uploads\/2025\/12\/Anlami-768x140.webp 768w, https:\/\/www.areaionx.com\/wp-content\/uploads\/2025\/12\/Anlami-1536x280.webp 1536w\" sizes=\"auto, (max-width: 1636px) 100vw, 1636px\" \/><\/figure>\n\n\n\n<h3 class=\"wp-block-heading\">The AREaiONX Story:<\/h3>\n\n\n\n<p>Our product was developed with the mission of protecting your loved ones and the areas you care about through an AI-powered computer vision system.&nbsp;<strong>hayal etmekle<\/strong>&nbsp;ba\u015flad\u0131. \u00dcr\u00fcn\u00fcm\u00fcze isim koyarken amac\u0131m\u0131z\u0131 anlats\u0131n istedik.<\/p>\n\n\n\n<hr class=\"wp-block-separator has-alpha-channel-opacity is-style-wide\"\/>\n\n\n\n<h3 class=\"wp-block-heading\">What Does AREaiONX Mean?<\/h3>\n\n\n\n<ul class=\"wp-block-list\">\n<li><strong>Area \u2192<\/strong>Monitored and protected area\/zone.<\/li>\n\n\n\n<li><strong>AI (Artificial Intelligence) \u2192<\/strong> Artificial intelligence highlights the system\u2019s intelligent analysis capability.<\/li>\n\n\n\n<li><strong>On \u2192<\/strong>A system that is continuously active, operating, and always in service.<\/li>\n\n\n\n<li><strong>X \u2192<\/strong>Technology, innovation, exploration of the unknown, and advancement.<\/li>\n<\/ul>\n\n\n\n<hr class=\"wp-block-separator has-alpha-channel-opacity is-style-wide\"\/>\n\n\n\n<p><strong>In other words, AREaiONX:<\/strong>&nbsp;It is an intelligent (AI) solution that is always active (\u201cOn\u201d), equipped with advanced technology (\u201cX\u201d), and provides protection by monitoring specific areas (\u201cArea\u201d).<\/p>\n\n\n\n<p>The birth of AREaiONX is the result of exactly such a journey. For us, security is not merely about images recorded by cameras; it means safeguarding the smiles of your loved ones, every detail you have worked hard for, and the future of your organization.<\/p>\n\n\n\n<p><strong>We set out with this vision:<\/strong>&nbsp;With our AI-powered computer vision system, we aim to protect what matters most to you and preserve your peace of mind. AREaiONX does more than just monitor; it understands the environment, learns potential hazards, and alerts you before risks even arise. Going beyond traditional security approaches, we combine the depth of human intelligence with the power of technology.<\/p>\n\n\n\n<p>We believe in building a safer future together with you. AREaiONX is your intelligent partner\u2014one that values every detail, understands the importance of every moment, and stands by your side even at the most critical times. Because we know that true security is not only about eliminating threats, but about providing you with continuous peace of mind.<\/p>\n\n\n\n<figure class=\"wp-block-pullquote\"><blockquote><p>With AREaiONX, the security of the future begins today. This story is shaped by every step taken for your safety and peace of mind.<\/p><\/blockquote><\/figure>\n\n\n\n<div class=\"wp-block-group is-nowrap is-layout-flex wp-container-core-group-is-layout-6c531013 wp-block-group-is-layout-flex\">\n<h2 class=\"wp-block-heading\">Our Company\u2019s Story:<\/h2>\n<\/div>\n\n\n\n<p><strong>SOPHTRUN:<\/strong>&nbsp;A Companion in Corporate Value Creation.<\/p>\n\n\n\n<p>We have brought together our more than 20 years of experience in Information Technology service delivery, digital transformation, lean manufacturing, strategic management, enterprise risk management, end-to-end process management, and agile project management to create a leverage effect for companies seeking to accelerate their corporate processes through high-quality, lean, and value-added products and services in these fields.<\/p>\n\n\n\n<p><strong>SOPHTRUN<\/strong>,which it considers as its core competency&nbsp;<strong>artificial intelligence, computer vision, and machine learning<\/strong>&nbsp;It develops innovative solutions in these fields. The company enhances the efficiency of industrial processes and effectively addresses operational challenges by offering industry-specific OHS solutions and customized AI-powered modules. Through the use of advanced technologies, it can meet the needs of every sector.<\/p>\n\n\n\n<p><\/p>","protected":false},"excerpt":{"rendered":"<p>AREaiONX Hikayesi: \u201cYapay zeka destekli g\u00f6r\u00fcnt\u00fc i\u015fleme sistemiyle sevdiklerinizi ve de\u011fer verdi\u011finiz alanlar\u0131 koruma\u201d misyonuyla olu\u015fturulmu\u015f \u00fcr\u00fcn\u00fcm\u00fcz&nbsp;hayal etmekle&nbsp;ba\u015flad\u0131. \u00dcr\u00fcn\u00fcm\u00fcze isim koyarken amac\u0131m\u0131z\u0131 anlats\u0131n istedik. AREaiONX Ne Anlama Gelir? Yani AREaiONX:&nbsp;Her zaman aktif (\u201cOn\u201d), ileri teknolojiye sahip (\u201cX\u201d) ve belirli alanlar\u0131 izleyerek (\u201cArea\u201d) koruma sa\u011flayan ak\u0131ll\u0131 (AI) bir \u00e7\u00f6z\u00fcmd\u00fcr. AREaiONX&#8217;in do\u011fu\u015fu da tam olarak b\u00f6yle bir [&hellip;]<\/p>\n","protected":false},"author":1,"featured_media":0,"parent":0,"menu_order":0,"comment_status":"closed","ping_status":"closed","template":"","meta":{"_joinchat":[],"footnotes":""},"class_list":["post-79","page","type-page","status-publish","hentry"],"featured_image_url":[],"post_author":"AREaiONX","assigned_categories":"","_links":{"self":[{"href":"https:\/\/www.areaionx.com\/en\/wp-json\/wp\/v2\/pages\/79","targetHints":{"allow":["GET"]}}],"collection":[{"href":"https:\/\/www.areaionx.com\/en\/wp-json\/wp\/v2\/pages"}],"about":[{"href":"https:\/\/www.areaionx.com\/en\/wp-json\/wp\/v2\/types\/page"}],"author":[{"embeddable":true,"href":"https:\/\/www.areaionx.com\/en\/wp-json\/wp\/v2\/users\/1"}],"replies":[{"embeddable":true,"href":"https:\/\/www.areaionx.com\/en\/wp-json\/wp\/v2\/comments?post=79"}],"version-history":[{"count":3,"href":"https:\/\/www.areaionx.com\/en\/wp-json\/wp\/v2\/pages\/79\/revisions"}],"predecessor-version":[{"id":437,"href":"https:\/\/www.areaionx.com\/en\/wp-json\/wp\/v2\/pages\/79\/revisions\/437"}],"wp:attachment":[{"href":"https:\/\/www.areaionx.com\/en\/wp-json\/wp\/v2\/media?parent=79"}],"curies":[{"name":"wp","href":"https:\/\/api.w.org\/{rel}","templated":true}]}}