{"id":6,"date":"2025-12-03T10:48:04","date_gmt":"2025-12-03T10:48:04","guid":{"rendered":"https:\/\/areaionx.com\/colibri-wp\/"},"modified":"2025-12-03T12:10:50","modified_gmt":"2025-12-03T12:10:50","slug":"colibri-wp","status":"publish","type":"page","link":"https:\/\/www.areaionx.com\/en\/","title":{"rendered":"Front Page"},"content":{"rendered":"<div data-colibri-id=\"6-c1\" class=\"style-190 style-local-6-c1 position-relative\">\n  <!----><\/p>\n<div data-colibri-component=\"section\" data-colibri-id=\"6-c20\" id=\"neden_areaionx\" class=\"h-section h-section-global-spacing d-flex align-items-lg-center align-items-md-center align-items-center style-198 style-local-6-c20 position-relative\">\n    <!----><br \/>\n    <!----><\/p>\n<div class=\"h-section-grid-container h-section-boxed-container\">\n<div data-colibri-id=\"6-c256\" class=\"h-row-container gutters-row-lg-2 gutters-row-md-2 gutters-row-0 gutters-row-v-lg-2 gutters-row-v-md-2 gutters-row-v-2 style-334 style-local-6-c256 position-relative\">\n        <!----><\/p>\n<div class=\"h-row justify-content-lg-center justify-content-md-center justify-content-center align-items-lg-stretch align-items-md-stretch align-items-stretch gutters-col-lg-2 gutters-col-md-2 gutters-col-0 gutters-col-v-lg-2 gutters-col-v-md-2 gutters-col-v-2\">\n          <!----><\/p>\n<div class=\"h-column h-column-container d-flex h-col-lg-auto h-col-md-auto h-col-auto style-335-outer style-local-6-c257-outer\">\n<div data-colibri-id=\"6-c257\" class=\"d-flex h-flex-basis h-column__inner h-px-lg-2 h-px-md-2 h-px-2 v-inner-lg-2 v-inner-md-2 v-inner-2 style-335 style-local-6-c257 position-relative\">\n              <!----><br \/>\n              <!----><\/p>\n<div class=\"w-100 h-y-container h-column__content h-column__v-align flex-basis-100 align-self-lg-start align-self-md-start align-self-start\">\n                <!----><\/p>\n<div data-colibri-id=\"6-c258\" class=\"h-global-transition-all h-heading style-336 style-local-6-c258 position-relative h-element\">\n                  <!----><\/p>\n<div class=\"h-heading__outer style-336 style-local-6-c258\">\n                    <!----><br \/>\n                    <!----><\/p>\n<h2 class=\"\">AREaiONX<\/h2>\n<\/p><\/div>\n<\/p><\/div>\n<\/p><\/div>\n<\/p><\/div>\n<\/p><\/div>\n<\/p><\/div>\n<\/p><\/div>\n<div data-colibri-id=\"6-c21\" class=\"h-row-container gutters-row-lg-0 gutters-row-md-0 gutters-row-0 gutters-row-v-lg-0 gutters-row-v-md-0 gutters-row-v-0 style-199 style-local-6-c21 position-relative\">\n        <!----><\/p>\n<div class=\"h-row justify-content-lg-center justify-content-md-center justify-content-center align-items-lg-stretch align-items-md-stretch align-items-stretch gutters-col-lg-0 gutters-col-md-0 gutters-col-0 gutters-col-v-lg-0 gutters-col-v-md-0 gutters-col-v-0\">\n          <!----><\/p>\n<div class=\"h-column h-column-container d-flex h-col-lg-auto h-col-md-auto h-col-auto style-200-outer style-local-6-c22-outer\">\n<div data-colibri-id=\"6-c22\" class=\"d-flex h-flex-basis h-column__inner h-px-lg-0 h-px-md-0 h-px-0 v-inner-lg-0 v-inner-md-0 v-inner-0 style-200 style-local-6-c22 position-relative\">\n              <!----><br \/>\n              <!----><\/p>\n<div class=\"w-100 h-y-container h-column__content h-column__v-align flex-basis-100 align-self-lg-start align-self-md-start align-self-start\">\n                <!----><\/p>\n<div data-colibri-id=\"6-c24\" class=\"h-global-transition-all h-heading style-202 style-local-6-c24 position-relative h-element\">\n                  <!----><\/p>\n<div class=\"h-heading__outer style-202 style-local-6-c24\">\n                    <!----><br \/>\n                    <!----><\/p>\n<h2 class=\"\">Why AREaiONX<\/h2>\n<\/p><\/div>\n<\/p><\/div>\n<div data-colibri-id=\"6-c25\" class=\"h-lead h-text h-text-component style-203 style-local-6-c25 position-relative h-element\">\n                  <!----><br \/>\n                  <!----><\/p>\n<div class=\"\">\n<p><span style=\"font-weight: 400; font-size: 18px; font-family: Inter, sans-serif; color: rgb(71, 85, 105);\">AREaiONX is a powerful AI-driven solution developed by Sophtrun for industrial safety and process optimization. By leveraging state-of-the-art technologies in its field, it monitors production lines through advanced computer vision and machine learning capabilities\u2026<\/span><\/p>\n<\/p><\/div>\n<\/p><\/div>\n<div data-colibri-id=\"6-c283\" class=\"h-x-container style-360 style-local-6-c283 position-relative h-element\">\n                  <!----><\/p>\n<div class=\"h-x-container-inner style-dynamic-6-c283-group style-360-spacing style-local-6-c283-spacing\"><span class=\"h-button__outer style-361-outer style-local-6-c284-outer d-inline-flex h-element\"><a h-use-smooth-scroll=\"true\" href=\"\"  data-colibri-id=\"6-c284\" class=\"d-flex w-100 align-items-center h-button justify-content-lg-center justify-content-md-center justify-content-center style-361 style-local-6-c284 position-relative\"><!----><!----> <span>\u0130nformation<\/span><\/a><br \/>\n                    <\/span>\n                  <\/div>\n<\/p><\/div>\n<\/p><\/div>\n<\/p><\/div>\n<\/p><\/div>\n<div class=\"h-column h-column-container d-flex h-col-lg-auto h-col-md-auto h-col-auto style-204-outer style-local-6-c26-outer\">\n<div data-colibri-id=\"6-c26\" class=\"d-flex h-flex-basis h-column__inner h-ui-empty-state-container h-px-lg-2 h-px-md-2 h-px-2 v-inner-lg-2 v-inner-md-2 v-inner-2 style-204 style-local-6-c26 position-relative\">\n              <!----><br \/>\n              <!----><\/p>\n<div class=\"w-100 h-y-container h-column__content h-column__v-align flex-basis-100\">\n                <!---->\n              <\/div>\n<\/p><\/div>\n<\/p><\/div>\n<\/p><\/div>\n<\/p><\/div>\n<\/p><\/div>\n<\/p><\/div>\n<div data-colibri-component=\"section\" data-colibri-id=\"6-c260\" id=\"nasil_calisir\" class=\"h-section h-section-global-spacing d-flex align-items-lg-center align-items-md-center align-items-center style-338 style-local-6-c260 position-relative\">\n    <!----><br \/>\n    <!----><\/p>\n<div class=\"h-section-grid-container h-section-boxed-container\">\n      <!----><\/p>\n<div data-colibri-id=\"6-c261\" class=\"h-row-container gutters-row-lg-0 gutters-row-md-0 gutters-row-0 gutters-row-v-lg-0 gutters-row-v-md-0 gutters-row-v-0 style-339 style-local-6-c261 position-relative\">\n        <!----><\/p>\n<div class=\"h-row justify-content-lg-center justify-content-md-center justify-content-center align-items-lg-stretch align-items-md-stretch align-items-stretch gutters-col-lg-0 gutters-col-md-0 gutters-col-0 gutters-col-v-lg-0 gutters-col-v-md-0 gutters-col-v-0\">\n          <!----><\/p>\n<div class=\"h-column h-column-container d-flex h-col-lg-auto h-col-md-auto h-col-auto style-340-outer style-local-6-c262-outer\">\n<div data-colibri-id=\"6-c262\" class=\"d-flex h-flex-basis h-column__inner h-ui-empty-state-container h-px-lg-0 h-px-md-0 h-px-0 v-inner-lg-0 v-inner-md-0 v-inner-0 style-340 style-local-6-c262 position-relative\">\n              <!----><br \/>\n              <!----><\/p>\n<div class=\"w-100 h-y-container h-column__content h-column__v-align flex-basis-100\">\n                <!---->\n              <\/div>\n<\/p><\/div>\n<\/p><\/div>\n<div class=\"h-column h-column-container d-flex h-col-lg-auto h-col-md-auto h-col-auto style-341-outer style-local-6-c263-outer\">\n<div data-colibri-id=\"6-c263\" class=\"d-flex h-flex-basis h-column__inner h-px-lg-2 h-px-md-2 h-px-2 v-inner-lg-2 v-inner-md-2 v-inner-2 style-341 style-local-6-c263 position-relative\">\n              <!----><br \/>\n              <!----><\/p>\n<div class=\"w-100 h-y-container h-column__content h-column__v-align flex-basis-100 align-self-lg-start align-self-md-start align-self-start\">\n                <!----><\/p>\n<div data-colibri-id=\"6-c265\" class=\"h-global-transition-all h-heading style-343 style-local-6-c265 position-relative h-element\">\n                  <!----><\/p>\n<div class=\"h-heading__outer style-343 style-local-6-c265\">\n                    <!----><br \/>\n                    <!----><\/p>\n<h2 class=\"\">How It Works<\/h2>\n<\/p><\/div>\n<\/p><\/div>\n<div data-colibri-id=\"6-c266\" class=\"h-text h-text-component style-344 style-local-6-c266 position-relative h-element\">\n                  <!----><br \/>\n                  <!----><\/p>\n<div class=\"\">\n<p><span style=\"font-weight: 400; font-size: 18px; font-family: Inter, sans-serif; color: rgb(71, 85, 105);\">AREaiONX features a multi-layered, intelligent system architecture designed to bring intelligence to your industrial operations and maximize safety at the highest level.<\/span><\/p>\n<\/p><\/div>\n<\/p><\/div>\n<div data-colibri-id=\"6-c281\" class=\"h-x-container style-358 style-local-6-c281 position-relative h-element\">\n                  <!----><\/p>\n<div class=\"h-x-container-inner style-dynamic-6-c281-group style-358-spacing style-local-6-c281-spacing\"><span class=\"h-button__outer style-359-outer style-local-6-c282-outer d-inline-flex h-element\"><a h-use-smooth-scroll=\"true\" href=\"\"  data-colibri-id=\"6-c282\" class=\"d-flex w-100 align-items-center h-button justify-content-lg-center justify-content-md-center justify-content-center style-359 style-local-6-c282 position-relative\"><!----><!----> <span>\u0130nformation<\/span><\/a><br \/>\n                    <\/span>\n                  <\/div>\n<\/p><\/div>\n<\/p><\/div>\n<\/p><\/div>\n<\/p><\/div>\n<\/p><\/div>\n<\/p><\/div>\n<\/p><\/div>\n<\/p><\/div>\n<div data-colibri-component=\"section\" data-colibri-id=\"6-c271\" id=\"neye_ihtiyacim_var\" class=\"h-section h-section-global-spacing d-flex align-items-lg-center align-items-md-center align-items-center style-349 style-local-6-c271 position-relative\">\n    <!----><br \/>\n    <!----><\/p>\n<div class=\"h-section-grid-container h-section-boxed-container\">\n      <!----><\/p>\n<div data-colibri-id=\"6-c272\" class=\"h-row-container gutters-row-lg-0 gutters-row-md-0 gutters-row-0 gutters-row-v-lg-0 gutters-row-v-md-0 gutters-row-v-0 style-350 style-local-6-c272 position-relative\">\n        <!----><\/p>\n<div class=\"h-row justify-content-lg-center justify-content-md-center justify-content-center align-items-lg-stretch align-items-md-stretch align-items-stretch gutters-col-lg-0 gutters-col-md-0 gutters-col-0 gutters-col-v-lg-0 gutters-col-v-md-0 gutters-col-v-0\">\n          <!----><\/p>\n<div class=\"h-column h-column-container d-flex h-col-lg-auto h-col-md-auto h-col-auto style-351-outer style-local-6-c273-outer\">\n<div data-colibri-id=\"6-c273\" class=\"d-flex h-flex-basis h-column__inner h-px-lg-0 h-px-md-0 h-px-0 v-inner-lg-0 v-inner-md-0 v-inner-0 style-351 style-local-6-c273 position-relative\">\n              <!----><br \/>\n              <!----><\/p>\n<div class=\"w-100 h-y-container h-column__content h-column__v-align flex-basis-100 align-self-lg-start align-self-md-start align-self-start\">\n                <!----><\/p>\n<div data-colibri-id=\"6-c275\" class=\"h-global-transition-all h-heading style-353 style-local-6-c275 position-relative h-element\">\n                  <!----><\/p>\n<div class=\"h-heading__outer style-353 style-local-6-c275\">\n                    <!----><br \/>\n                    <!----><\/p>\n<h2 class=\"\">What Do I Need?<\/h2>\n<\/p><\/div>\n<\/p><\/div>\n<div data-colibri-id=\"6-c276\" class=\"h-text h-text-component style-354 style-local-6-c276 position-relative h-element\">\n                  <!----><br \/>\n                  <!----><\/p>\n<div class=\"\">\n<p><span style=\"font-weight: 400; font-size: 18px; font-family: Inter, sans-serif; color: rgb(71, 85, 105);\">Experiencing the capabilities of AREaiONX within your organization is much easier than you think!<\/span><\/p>\n<\/p><\/div>\n<\/p><\/div>\n<div data-colibri-id=\"6-c278\" class=\"h-x-container style-356 style-local-6-c278 position-relative h-element\">\n                  <!----><\/p>\n<div class=\"h-x-container-inner style-dynamic-6-c278-group style-356-spacing style-local-6-c278-spacing\"><span class=\"h-button__outer style-357-outer style-local-6-c279-outer d-inline-flex h-element\"><a h-use-smooth-scroll=\"true\" href=\"\"  data-colibri-id=\"6-c279\" class=\"d-flex w-100 align-items-center h-button justify-content-lg-center justify-content-md-center justify-content-center style-357 style-local-6-c279 position-relative\"><!----><!----> <span>\u0130nformation<\/span><\/a><br \/>\n                    <\/span>\n                  <\/div>\n<\/p><\/div>\n<\/p><\/div>\n<\/p><\/div>\n<\/p><\/div>\n<div class=\"h-column h-column-container d-flex h-col-lg-auto h-col-md-auto h-col-auto style-355-outer style-local-6-c277-outer\">\n<div data-colibri-id=\"6-c277\" class=\"d-flex h-flex-basis h-column__inner h-ui-empty-state-container h-px-lg-2 h-px-md-2 h-px-2 v-inner-lg-2 v-inner-md-2 v-inner-2 style-355 style-local-6-c277 position-relative\">\n              <!----><br \/>\n              <!----><\/p>\n<div class=\"w-100 h-y-container h-column__content h-column__v-align flex-basis-100\">\n                <!---->\n              <\/div>\n<\/p><\/div>\n<\/p><\/div>\n<\/p><\/div>\n<\/p><\/div>\n<\/p><\/div>\n<\/p><\/div>\n<div data-colibri-component=\"section\" data-colibri-id=\"6-c245\" id=\"contact\" class=\"h-section h-section-global-spacing d-flex align-items-lg-center align-items-md-center align-items-center style-323 style-local-6-c245 position-relative\">\n<div class=\"background-wrapper\">\n<div class=\"background-layer background-layer-media-container-lg\">\n        <!----><\/p>\n<div class=\"overlay-layer\">\n<div class=\"overlay-image-layer\" style=\"background-color: rgb(23, 37, 42); opacity: 0.5;\"><\/div>\n<\/p><\/div>\n<\/p><\/div>\n<div class=\"background-layer background-layer-media-container-md\">\n        <!----><\/p>\n<div class=\"overlay-layer\">\n<div class=\"overlay-image-layer\" style=\"background-color: rgb(23, 37, 42); opacity: 0.5;\"><\/div>\n<\/p><\/div>\n<\/p><\/div>\n<div class=\"background-layer background-layer-media-container\">\n        <!----><\/p>\n<div class=\"overlay-layer\">\n<div class=\"overlay-image-layer\" style=\"background-color: rgb(23, 37, 42); opacity: 0.5;\"><\/div>\n<\/p><\/div>\n<\/p><\/div>\n<\/p><\/div>\n<p>    <!----><\/p>\n<div class=\"h-section-grid-container h-section-boxed-container\">\n      <!----><\/p>\n<div data-colibri-id=\"6-c246\" class=\"h-row-container gutters-row-lg-2 gutters-row-md-2 gutters-row-2 gutters-row-v-lg-2 gutters-row-v-md-2 gutters-row-v-2 style-324 style-local-6-c246 position-relative\">\n        <!----><\/p>\n<div class=\"h-row justify-content-lg-center justify-content-md-center justify-content-center align-items-lg-stretch align-items-md-stretch align-items-stretch gutters-col-lg-2 gutters-col-md-2 gutters-col-2 gutters-col-v-lg-2 gutters-col-v-md-2 gutters-col-v-2\">\n          <!----><\/p>\n<div class=\"h-column h-column-container d-flex h-col-lg-auto h-col-md-auto h-col-auto style-325-outer style-local-6-c247-outer\">\n<div data-colibri-id=\"6-c247\" class=\"d-flex h-flex-basis h-column__inner h-px-lg-0 h-px-md-0 h-px-0 v-inner-lg-0 v-inner-md-0 v-inner-0 style-325 style-local-6-c247 position-relative\">\n              <!----><br \/>\n              <!----><\/p>\n<div class=\"w-100 h-y-container h-column__content h-column__v-align flex-basis-100 align-self-lg-start align-self-md-start align-self-start\">\n                <!----><\/p>\n<div data-colibri-id=\"6-c248\" class=\"h-row-container gutters-row-lg-0 gutters-row-md-0 gutters-row-0 gutters-row-v-lg-0 gutters-row-v-md-0 gutters-row-v-0 style-326 style-local-6-c248 position-relative\">\n                  <!----><\/p>\n<div class=\"h-row justify-content-lg-center justify-content-md-center justify-content-center align-items-lg-stretch align-items-md-stretch align-items-stretch gutters-col-lg-0 gutters-col-md-0 gutters-col-0 gutters-col-v-lg-0 gutters-col-v-md-0 gutters-col-v-0\">\n                    <!----><\/p>\n<div class=\"h-column h-column-container d-flex h-col-lg-auto h-col-md-auto h-col-auto style-327-outer style-local-6-c249-outer\">\n<div data-colibri-id=\"6-c249\" class=\"d-flex h-flex-basis h-column__inner h-px-lg-0 h-px-md-0 h-px-0 v-inner-lg-0 v-inner-md-0 v-inner-0 style-327 style-local-6-c249 position-relative\">\n                        <!----><br \/>\n                        <!----><\/p>\n<div class=\"w-100 h-y-container h-column__content h-column__v-align flex-basis-100 align-self-lg-center align-self-md-center align-self-center\">\n                          <!----><\/p>\n<div data-colibri-id=\"6-c250\" class=\"h-global-transition-all h-heading style-328 style-local-6-c250 position-relative h-element\">\n                            <!----><\/p>\n<div class=\"h-heading__outer style-328 style-local-6-c250\">\n                              <!----><br \/>\n                              <!----><\/p>\n<h4 class=\"\">contact information<\/h4>\n<\/p><\/div>\n<\/p><\/div>\n<div data-colibri-id=\"6-c251\" class=\"h-icon style-329 style-local-6-c251 position-relative h-element\">\n                            <!----><span class=\"h-svg-icon h-icon__icon style-329-icon style-local-6-c251-icon\"><!--Icon by Icons8 Line Awesome (https:\/\/icons8.com\/line-awesome)--><svg version=\"1.1\" xmlns=\"http:\/\/www.w3.org\/2000\/svg\" xmlns:xlink=\"http:\/\/www.w3.org\/1999\/xlink\" id=\"binoculars\" viewbox=\"0 0 512 545.5\"><path d=\"M176 112c29.713 0 53.785 20.558 61 48h38c7.215-27.442 31.287-48 61-48 31.48 0 56.644 23.064 62 53 30.428 7.807 56.326 27.65 68 56v.5l.5.5L503 324c5.795 13.502 9 28.423 9 44 0 61.666-50.334 112-112 112-55.546 0-101.847-40.826-110.5-94-8.688 8.553-20.476 14-33.5 14s-24.813-5.447-33.5-14c-8.653 53.174-54.954 94-110.5 94C50.334 480 0 429.666 0 368c0-17.54 4.253-34.19 11.5-49l34-95.5h.5c11.496-31.205 37.775-50.882 68-58.5 5.356-29.936 30.52-53 62-53zm0 32c-19.043 0-32 12.957-32 32v14.5l-14.5 1.5c-24.565 2.586-44.21 17.225-53.5 42v.5L64 267c14.557-6.945 30.852-11 48-11 46.792 0 86.797 29.08 103.5 70 8.577-13.29 23.658-22 40.5-22s31.923 8.71 40.5 22c16.703-40.92 56.708-70 103.5-70 17.38 0 33.794 4.377 48.5 11.5l-12-34c-.14-.34-.354-.662-.5-1-9.246-21.422-29.724-37.997-53.5-40.5l-14.5-1.5V176c0-19.043-12.957-32-32-32s-32 12.957-32 32v16h-96v-16c0-19.043-12.957-32-32-32zm-64 144c-32.328 0-59.852 19.073-72.5 46.5-.28.606-.235 1.387-.5 2-4.2 9.743-7 20.17-7 31.5 0 44.372 35.628 80 80 80s80-35.628 80-80-35.628-80-80-80zm288 0c-44.372 0-80 35.628-80 80s35.628 80 80 80 80-35.628 80-80-35.628-80-80-80zm-144 48c-9.026 0-16 6.974-16 16s6.974 16 16 16 16-6.974 16-16-6.974-16-16-16z\"><\/path><\/svg><\/span><\/div>\n<div\n                            data-colibri-id=\"6-c252\" class=\"h-global-transition-all h-heading style-330 style-local-6-c252 position-relative h-element\"><br \/>\n                            <!----><\/p>\n<div class=\"h-heading__outer style-330 style-local-6-c252\">\n                              <!----><br \/>\n                              <!----><\/p>\n<h5 class=\"\">write us or contact us on our social media<\/h5>\n<\/p><\/div>\n<\/p><\/div>\n<div data-colibri-id=\"6-c253\" class=\"style-331 style-local-6-c253 position-relative h-element\">\n                          <!----><\/p>\n<div class=\"d-flex flex-wrap h-social-icons justify-content-lg-center justify-content-md-center justify-content-center\">\n<div class=\"social-icon-container d-inline-flex\">\n<div class=\"icon-container h-social-icon h-global-transition\">\n<div class=\"h-icon-svg\" style=\"width: 100%; height: 100%;\">\n                                  <!--Icon by Font Awesome (https:\/\/fontawesome.com)--><br \/>\n                                  <svg version=\"1.1\" xmlns=\"http:\/\/www.w3.org\/2000\/svg\" xmlns:xlink=\"http:\/\/www.w3.org\/1999\/xlink\" id=\"facebook-square\" viewbox=\"0 0 1536 1896.0833\">\n                                    <path d=\"M1248 128q119 0 203.5 84.5T1536 416v960q0 119-84.5 203.5T1248 1664h-188v-595h199l30-232h-229V689q0-56 23.5-84t91.5-28l122-1V369q-63-9-178-9-136 0-217.5 80T820 666v171H620v232h200v595H288q-119 0-203.5-84.5T0 1376V416q0-119 84.5-203.5T288 128h960z\"><\/path>\n                                  <\/svg>\n                                <\/div>\n<\/p><\/div>\n<\/p><\/div>\n<div class=\"social-icon-container d-inline-flex\">\n<div class=\"icon-container h-social-icon h-global-transition\">\n<div class=\"h-icon-svg\" style=\"width: 100%; height: 100%;\">\n                                  <!--Icon by Font Awesome (https:\/\/fontawesome.com)--><br \/>\n                                  <svg version=\"1.1\" xmlns=\"http:\/\/www.w3.org\/2000\/svg\" xmlns:xlink=\"http:\/\/www.w3.org\/1999\/xlink\" id=\"twitter-square\" viewbox=\"0 0 1536 1896.0833\">\n                                    <path d=\"M1280 610q-56 25-121 34 68-40 93-117-65 38-134 51-61-66-153-66-87 0-148.5 61.5T755 722q0 29 5 48-129-7-242-65T326 550q-29 50-29 106 0 114 91 175-47-1-100-26v2q0 75 50 133.5t123 72.5q-29 8-51 8-13 0-39-4 21 63 74.5 104t121.5 42q-116 90-261 90-26 0-50-3 148 94 322 94 112 0 210-35.5t168-95 120.5-137 75-162T1176 746q0-18-1-27 63-45 105-109zm256-194v960q0 119-84.5 203.5T1248 1664H288q-119 0-203.5-84.5T0 1376V416q0-119 84.5-203.5T288 128h960q119 0 203.5 84.5T1536 416z\"><\/path>\n                                  <\/svg>\n                                <\/div>\n<\/p><\/div>\n<\/p><\/div>\n<div class=\"social-icon-container d-inline-flex\">\n<div class=\"icon-container h-social-icon h-global-transition\">\n<div class=\"h-icon-svg\" style=\"width: 100%; height: 100%;\">\n                                  <!--Icon by Font Awesome (https:\/\/fontawesome.com)--><br \/>\n                                  <svg version=\"1.1\" xmlns=\"http:\/\/www.w3.org\/2000\/svg\" xmlns:xlink=\"http:\/\/www.w3.org\/1999\/xlink\" id=\"youtube-square\" viewbox=\"0 0 1536 1896.0833\">\n                                    <path d=\"M919 1303v-157q0-50-29-50-17 0-33 16v224q16 16 33 16 29 0 29-49zm184-122h66v-34q0-51-33-51t-33 51v34zM532 915v70h-80v423h-74V985h-78v-70h232zm201 126v367h-67v-40q-39 45-76 45-33 0-42-28-6-17-6-54v-290h66v270q0 24 1 26 1 15 15 15 20 0 42-31v-280h67zm252 111v146q0 52-7 73-12 42-53 42-35 0-68-41v36h-67V915h67v161q32-40 68-40 41 0 53 42 7 21 7 74zm251 129v9q0 29-2 43-3 22-15 40-27 40-80 40-52 0-81-38-21-27-21-86v-129q0-59 20-86 29-38 80-38t78 38q21 29 21 86v76h-133v65q0 51 34 51 24 0 30-26 0-1 .5-7t.5-16.5V1281h68zM785 457v156q0 51-32 51t-32-51V457q0-52 32-52t32 52zm533 713q0-177-19-260-10-44-43-73.5t-76-34.5q-136-15-412-15-275 0-411 15-44 5-76.5 34.5T238 910q-20 87-20 260 0 176 20 260 10 43 42.5 73t75.5 35q137 15 412 15t412-15q43-5 75.5-35t42.5-73q20-84 20-260zM563 519l90-296h-75l-51 195-53-195h-78q7 23 23 69l24 69q35 103 46 158v201h74V519zm289 81V470q0-58-21-87-29-38-78-38-51 0-78 38-21 29-21 87v130q0 58 21 87 27 38 78 38 49 0 78-38 21-27 21-87zm181 120h67V350h-67v283q-22 31-42 31-15 0-16-16-1-2-1-26V350h-67v293q0 37 6 55 11 27 43 27 36 0 77-45v40zm503-304v960q0 119-84.5 203.5T1248 1664H288q-119 0-203.5-84.5T0 1376V416q0-119 84.5-203.5T288 128h960q119 0 203.5 84.5T1536 416z\"><\/path>\n                                  <\/svg>\n                                <\/div>\n<\/p><\/div>\n<\/p><\/div>\n<div class=\"social-icon-container d-inline-flex\">\n<div class=\"icon-container h-social-icon h-global-transition\">\n<div class=\"h-icon-svg\" style=\"width: 100%; height: 100%;\">\n                                  <!--Icon by Font Awesome (https:\/\/fontawesome.com)--><br \/>\n                                  <svg version=\"1.1\" xmlns=\"http:\/\/www.w3.org\/2000\/svg\" xmlns:xlink=\"http:\/\/www.w3.org\/1999\/xlink\" id=\"vimeo-square\" viewbox=\"0 0 1536 1896.0833\">\n                                    <path d=\"M1292 638q10-216-161-222-231-8-312 261 44-19 82-19 85 0 74 96-4 57-74 167t-105 110q-43 0-82-169-13-54-45-255-30-189-160-177-59 7-164 100l-81 72-81 72 52 67q76-52 87-52 57 0 107 179 15 55 45 164.5t45 164.5q68 179 164 179 157 0 383-294 220-283 226-444zm244-222v960q0 119-84.5 203.5T1248 1664H288q-119 0-203.5-84.5T0 1376V416q0-119 84.5-203.5T288 128h960q119 0 203.5 84.5T1536 416z\"><\/path>\n                                  <\/svg>\n                                <\/div>\n<\/p><\/div>\n<\/p><\/div>\n<\/p><\/div>\n<\/p><\/div>\n<\/p><\/div>\n<\/p><\/div>\n<\/p><\/div>\n<div class=\"h-column h-column-container d-flex h-col-lg-auto h-col-md-auto h-col-auto style-332-outer style-local-6-c254-outer\">\n<div data-colibri-id=\"6-c254\" class=\"d-flex h-flex-basis h-column__inner h-px-lg-0 h-px-md-0 h-px-0 v-inner-lg-0 v-inner-md-0 v-inner-0 style-332 style-local-6-c254 position-relative\">\n                      <!----><br \/>\n                      <!----><\/p>\n<div class=\"w-100 h-y-container h-column__content h-column__v-align flex-basis-100 align-self-lg-center align-self-md-center align-self-center\">\n                        <!----><\/p>\n<div data-colibri-id=\"6-c255\" class=\"style-333 style-local-6-c255 position-relative h-element\">\n                          <!----><\/p>\n<div class=\"h-global-transition-all h-global-transition h-global-transition-all h-contact-form-shortcode\">\n<p class=\"shortcode-placeholder-preview\">Please set the &#8216;Contact Form&#8217; component shortcode<\/p>\n<\/p><\/div>\n<\/p><\/div>\n<\/p><\/div>\n<\/p><\/div>\n<\/p><\/div>\n<\/p><\/div>\n<\/p><\/div>\n<\/p><\/div>\n<\/p><\/div>\n<\/p><\/div>\n<\/p><\/div>\n<\/p><\/div>\n<\/p><\/div>\n<\/div>\n<\/div>","protected":false},"excerpt":{"rendered":"<p>AREaiONX Neden AREaiONX AREaiONX, Sophtrun\u2019un end\u00fcstriyel g\u00fcvenlik ve s\u00fcre\u00e7 optimizasyonu i\u00e7in geli\u015ftirdi\u011fi, yapay zeka destekli g\u00fc\u00e7l\u00fc bir \u00e7\u00f6z\u00fcmd\u00fcr. Alan\u0131ndaki en ileri teknolojileri kullanarak, g\u00f6r\u00fcnt\u00fc i\u015fleme ve makine \u00f6\u011frenimiyle \u00fcretim hatt\u0131 izleme&#8230; Detayl\u0131 Bilgi Nas\u0131l \u00c7al\u0131\u015f\u0131r? AREaiONX, end\u00fcstriyel operasyonlar\u0131n\u0131za ak\u0131l katmak ve g\u00fcvenli\u011fi en \u00fcst d\u00fczeye \u00e7\u0131karmak i\u00e7in tasarlanm\u0131\u015f, \u00e7ok katmanl\u0131 ve ak\u0131ll\u0131 bir sistem mimarisine [&hellip;]<\/p>\n","protected":false},"author":1,"featured_media":0,"parent":0,"menu_order":0,"comment_status":"closed","ping_status":"closed","template":"page-templates\/homepage.php","meta":{"_joinchat":[],"footnotes":""},"class_list":["post-6","page","type-page","status-publish","hentry"],"featured_image_url":[],"post_author":"AREaiONX","assigned_categories":"","_links":{"self":[{"href":"https:\/\/www.areaionx.com\/en\/wp-json\/wp\/v2\/pages\/6","targetHints":{"allow":["GET"]}}],"collection":[{"href":"https:\/\/www.areaionx.com\/en\/wp-json\/wp\/v2\/pages"}],"about":[{"href":"https:\/\/www.areaionx.com\/en\/wp-json\/wp\/v2\/types\/page"}],"author":[{"embeddable":true,"href":"https:\/\/www.areaionx.com\/en\/wp-json\/wp\/v2\/users\/1"}],"replies":[{"embeddable":true,"href":"https:\/\/www.areaionx.com\/en\/wp-json\/wp\/v2\/comments?post=6"}],"version-history":[{"count":4,"href":"https:\/\/www.areaionx.com\/en\/wp-json\/wp\/v2\/pages\/6\/revisions"}],"predecessor-version":[{"id":54,"href":"https:\/\/www.areaionx.com\/en\/wp-json\/wp\/v2\/pages\/6\/revisions\/54"}],"wp:attachment":[{"href":"https:\/\/www.areaionx.com\/en\/wp-json\/wp\/v2\/media?parent=6"}],"curies":[{"name":"wp","href":"https:\/\/api.w.org\/{rel}","templated":true}]}}