{"id":567,"date":"2026-02-04T16:31:46","date_gmt":"2026-02-04T13:31:46","guid":{"rendered":"https:\/\/www.areaionx.com\/?page_id=567"},"modified":"2026-02-13T10:28:29","modified_gmt":"2026-02-13T07:28:29","slug":"areaionx-demo","status":"publish","type":"page","link":"https:\/\/www.areaionx.com\/en\/areaionx-demo\/","title":{"rendered":"AREaiONX Demo"},"content":{"rendered":"<p><strong>AREaiONX Demo<\/strong>, yapay zek\u00e2 destekli g\u00f6r\u00fcnt\u00fc analiz teknolojisini<br><strong>kendi ortam\u0131n\u0131zda deneyimlemeniz<\/strong> i\u00e7in haz\u0131rlanm\u0131\u015f bir deneme s\u00fcr\u00fcm\u00fcd\u00fcr.<br><\/p>\n\n\n\n<h3 class=\"wp-block-heading\">Demo Nedir?<\/h3>\n\n\n\n<p>Sistem yakla\u015f\u0131m\u0131 ve potansiyel kullan\u0131m alanlar\u0131 net \u015fekilde g\u00f6r\u00fcl\u00fcr<br>Kameralar yaln\u0131zca izlemekle kalmaz, <strong>alg\u0131lar ve analiz eder<\/strong><br>Ger\u00e7ek senaryolar \u00fczerinden <strong>canl\u0131 analiz<\/strong> yap\u0131l\u0131r<\/p>\n\n\n\n<h3 class=\"wp-block-heading\">Demo Kimler \u0130\u00e7in?<\/h3>\n\n\n\n<p><strong>AREaiONX Demo herkesin kullan\u0131m\u0131na a\u00e7\u0131kt\u0131r.<\/strong><\/p>\n\n\n\n<ul class=\"wp-block-list\">\n<li>Bireysel kullan\u0131c\u0131lar<\/li>\n\n\n\n<li>Kurumsal ekipler<\/li>\n\n\n\n<li>Teknik veya teknik olmayan kullan\u0131c\u0131lar<\/li>\n<\/ul>\n\n\n\n<p>Demo, tek bir ki\u015fiyle s\u0131n\u0131rl\u0131 de\u011fildir; herkes ayn\u0131 deneyimi ya\u015fayabilir.<\/p>\n\n\n\n<h3 class=\"wp-block-heading\">AREaiONX Demo ile Neleri G\u00f6rebilirsiniz?<\/h3>\n\n\n\n<p>&#x1f9e0; Yapay zek\u00e2 analizleri<br>&#x1f441;&#xfe0f; Kamera \u00fczerinden canl\u0131 izleme<br>&#x1f4ca; Anlaml\u0131 ve g\u00f6rsel \u00e7\u0131kt\u0131lar<\/p>\n\n\n\n<div class=\"wp-block-contact-form-7-contact-form-selector\">\n<div class=\"wpcf7 no-js\" id=\"wpcf7-f601-o1\" lang=\"tr-TR\" dir=\"ltr\" data-wpcf7-id=\"601\">\n<div class=\"screen-reader-response\"><p role=\"status\" aria-live=\"polite\" aria-atomic=\"true\"><\/p> <ul><\/ul><\/div>\n<form action=\"\/en\/wp-json\/wp\/v2\/pages\/567#wpcf7-f601-o1\" method=\"post\" class=\"wpcf7-form init\" aria-label=\"\u0130leti\u015fim Formu\" novalidate=\"novalidate\" data-status=\"init\" data-trp-original-action=\"\/en\/wp-json\/wp\/v2\/pages\/567#wpcf7-f601-o1\">\n<fieldset class=\"hidden-fields-container\"><input type=\"hidden\" name=\"_wpcf7\" value=\"601\" \/><input type=\"hidden\" name=\"_wpcf7_version\" value=\"6.1.5\" \/><input type=\"hidden\" name=\"_wpcf7_locale\" value=\"tr_TR\" \/><input type=\"hidden\" name=\"_wpcf7_unit_tag\" value=\"wpcf7-f601-o1\" \/><input type=\"hidden\" name=\"_wpcf7_container_post\" value=\"0\" \/><input type=\"hidden\" name=\"_wpcf7_posted_data_hash\" value=\"\" \/><input type=\"hidden\" name=\"_wpcf7_recaptcha_response\" value=\"\" \/>\n<\/fieldset>\n<p><label> Ad Soyad<br \/>\n<span class=\"wpcf7-form-control-wrap\" data-name=\"full-name\"><input size=\"40\" maxlength=\"400\" class=\"wpcf7-form-control wpcf7-text wpcf7-validates-as-required\" autocomplete=\"name\" aria-required=\"true\" aria-invalid=\"false\" placeholder=\"Ad Soyad\" value=\"\" type=\"text\" name=\"full-name\" \/><\/span><br \/>\n<\/label>\n<\/p>\n<p><label> Firma Ad\u0131<br \/>\n<span class=\"wpcf7-form-control-wrap\" data-name=\"company\"><input size=\"40\" maxlength=\"400\" class=\"wpcf7-form-control wpcf7-text wpcf7-validates-as-required\" aria-required=\"true\" aria-invalid=\"false\" placeholder=\"Firma \/ Kurum\" value=\"\" type=\"text\" name=\"company\" \/><\/span><br \/>\n<\/label>\n<\/p>\n<p><label> E-posta<br \/>\n<span class=\"wpcf7-form-control-wrap\" data-name=\"email\"><input size=\"40\" maxlength=\"400\" class=\"wpcf7-form-control wpcf7-email wpcf7-validates-as-required wpcf7-text wpcf7-validates-as-email\" aria-required=\"true\" aria-invalid=\"false\" placeholder=\"adiniz@firmaniz.com\" value=\"\" type=\"email\" name=\"email\" \/><\/span><br \/>\n<\/label>\n<\/p>\n<p><label> Telefon<br \/>\n<span class=\"wpcf7-form-control-wrap\" data-name=\"phone\"><input size=\"40\" maxlength=\"400\" class=\"wpcf7-form-control wpcf7-tel wpcf7-validates-as-required wpcf7-text wpcf7-validates-as-tel\" aria-required=\"true\" aria-invalid=\"false\" placeholder=\"+90 5xx xxx xx xx\" value=\"\" type=\"tel\" name=\"phone\" \/><\/span><br \/>\n<\/label>\n<\/p>\n<p><label> \u0130l \/ \u015eehir (opsiyonel)<br \/>\n<span class=\"wpcf7-form-control-wrap\" data-name=\"city\"><input size=\"40\" maxlength=\"400\" class=\"wpcf7-form-control wpcf7-text\" aria-invalid=\"false\" placeholder=\"\u0130stanbul\" value=\"\" type=\"text\" name=\"city\" \/><\/span><br \/>\n<\/label>\n<\/p>\n<p><label> Kullan\u0131m Alan\u0131 ?<br \/>\n<span class=\"wpcf7-form-control-wrap\" data-name=\"usecase\"><select class=\"wpcf7-form-control wpcf7-select wpcf7-validates-as-required\" aria-required=\"true\" aria-invalid=\"false\" name=\"usecase\"><option value=\"\u0130SG \/ KKE\">\u0130SG \/ KKE<\/option><option value=\"Yang\u0131n &amp; Duman\">Yang\u0131n &amp; Duman<\/option><option value=\"\u0130nsan Tespit\">\u0130nsan Tespit<\/option><option value=\"Telefon \/ Sigara Analizi\">Telefon \/ Sigara Analizi<\/option><\/select><\/span><br \/>\n<\/label>\n<\/p>\n<p><label> Ka\u00e7 kamerada d\u00fc\u015f\u00fcn\u00fcyorsunuz?<br \/>\n<span class=\"wpcf7-form-control-wrap\" data-name=\"cameras\"><select class=\"wpcf7-form-control wpcf7-select\" aria-invalid=\"false\" name=\"cameras\"><option value=\"1-4\">1-4<\/option><option value=\"5-16\">5-16<\/option><option value=\"17-32\">17-32<\/option><option value=\"33+\">33+<\/option><option value=\"Hen\u00fcz bilmiyorum\">Hen\u00fcz bilmiyorum<\/option><\/select><\/span><br \/>\n<\/label>\n<\/p>\n<p><label><br \/>\n<span class=\"wpcf7-form-control-wrap\" data-name=\"kvkk\"><span class=\"wpcf7-form-control wpcf7-acceptance\"><span class=\"wpcf7-list-item\"><label><input type=\"checkbox\" name=\"kvkk\" value=\"1\" aria-invalid=\"false\" \/><span class=\"wpcf7-list-item-label\"><a href=\"https:\/\/www.areaionx.com\/en\/privacy-policy\/\" target=\"_blank\" rel=\"noopener\">KVKK Ayd\u0131nlatma Metni<\/a>'ni okudum ve ki\u015fisel verilerimin i\u015flenmesini kabul ediyorum.<\/span><\/label><\/span><\/span><\/span><br \/>\n<\/label>\n<\/p>\n<p><input class=\"wpcf7-form-control wpcf7-submit has-spinner\" type=\"submit\" value=\"Demo Linkini G\u00f6ster\" \/>\n<\/p><div class=\"wpcf7-response-output\" aria-hidden=\"true\"><\/div>\n<input type=\"hidden\" name=\"trp-form-language\" value=\"en\"\/><\/form>\n<\/div>\n<\/div>","protected":false},"excerpt":{"rendered":"<p>AREaiONX Demo, yapay zek\u00e2 destekli g\u00f6r\u00fcnt\u00fc analiz teknolojisinikendi ortam\u0131n\u0131zda deneyimlemeniz i\u00e7in haz\u0131rlanm\u0131\u015f bir deneme s\u00fcr\u00fcm\u00fcd\u00fcr. Demo Nedir? Sistem yakla\u015f\u0131m\u0131 ve potansiyel kullan\u0131m alanlar\u0131 net \u015fekilde g\u00f6r\u00fcl\u00fcrKameralar yaln\u0131zca izlemekle kalmaz, alg\u0131lar ve analiz ederGer\u00e7ek senaryolar \u00fczerinden canl\u0131 analiz yap\u0131l\u0131r Demo Kimler \u0130\u00e7in? AREaiONX Demo herkesin kullan\u0131m\u0131na a\u00e7\u0131kt\u0131r. Demo, tek bir ki\u015fiyle s\u0131n\u0131rl\u0131 de\u011fildir; herkes ayn\u0131 deneyimi [&hellip;]<\/p>\n","protected":false},"author":1,"featured_media":0,"parent":0,"menu_order":0,"comment_status":"closed","ping_status":"closed","template":"","meta":{"_joinchat":[],"footnotes":""},"class_list":["post-567","page","type-page","status-publish","hentry"],"featured_image_url":[],"post_author":"AREaiONX","assigned_categories":"","_links":{"self":[{"href":"https:\/\/www.areaionx.com\/en\/wp-json\/wp\/v2\/pages\/567","targetHints":{"allow":["GET"]}}],"collection":[{"href":"https:\/\/www.areaionx.com\/en\/wp-json\/wp\/v2\/pages"}],"about":[{"href":"https:\/\/www.areaionx.com\/en\/wp-json\/wp\/v2\/types\/page"}],"author":[{"embeddable":true,"href":"https:\/\/www.areaionx.com\/en\/wp-json\/wp\/v2\/users\/1"}],"replies":[{"embeddable":true,"href":"https:\/\/www.areaionx.com\/en\/wp-json\/wp\/v2\/comments?post=567"}],"version-history":[{"count":6,"href":"https:\/\/www.areaionx.com\/en\/wp-json\/wp\/v2\/pages\/567\/revisions"}],"predecessor-version":[{"id":604,"href":"https:\/\/www.areaionx.com\/en\/wp-json\/wp\/v2\/pages\/567\/revisions\/604"}],"wp:attachment":[{"href":"https:\/\/www.areaionx.com\/en\/wp-json\/wp\/v2\/media?parent=567"}],"curies":[{"name":"wp","href":"https:\/\/api.w.org\/{rel}","templated":true}]}}