{"id":193,"date":"2025-12-10T13:43:18","date_gmt":"2025-12-10T13:43:18","guid":{"rendered":"https:\/\/areaionx.com\/?page_id=193"},"modified":"2026-02-04T13:43:08","modified_gmt":"2026-02-04T10:43:08","slug":"iletisim","status":"publish","type":"page","link":"https:\/\/www.areaionx.com\/en\/iletisim\/","title":{"rendered":"Contact"},"content":{"rendered":"<div class=\"wp-block-group alignfull has-global-padding is-layout-constrained wp-container-core-group-is-layout-58718c00 wp-block-group-is-layout-constrained\" style=\"margin-top:0;margin-bottom:0;padding-top:var(--wp--preset--spacing--superbspacing-medium);padding-right:var(--wp--preset--spacing--superbspacing-small);padding-bottom:var(--wp--preset--spacing--superbspacing-large);padding-left:var(--wp--preset--spacing--superbspacing-small)\">\n<div class=\"wp-block-group alignwide is-vertical is-content-justification-center is-layout-flex wp-container-core-group-is-layout-f90d858d wp-block-group-is-layout-flex\" style=\"border-radius:20px;padding-top:0;padding-right:0;padding-bottom:0;padding-left:0\">\n<div class=\"wp-block-group has-global-padding is-content-justification-center is-layout-constrained wp-container-core-group-is-layout-fe7bfd86 wp-block-group-is-layout-constrained\">\n<h1 class=\"wp-block-heading has-text-align-center has-mono-1-color has-text-color has-superbfont-xxlarge-font-size\">Hadi Konu\u015fal\u0131m<\/h1>\n\n\n\n<p class=\"has-text-align-center has-mono-2-color has-text-color has-superbfont-small-font-size\"><strong>&#8220;Gelece\u011fin d\u00fcnyas\u0131n\u0131 bug\u00fcn\u00fcn g\u00f6r\u00fcs\u00fcyle in\u015fa etmeye haz\u0131r m\u0131s\u0131n\u0131z?&#8221;<\/strong> <br>\u0130\u015fletmenizin g\u00fcvenli\u011fini ve verimlili\u011fini yapay zekan\u0131n g\u00fcc\u00fcyle bir \u00fcst seviyeye ta\u015f\u0131yal\u0131m. Hayallerinizdeki projeyi anlat\u0131n, AREaiONX ile ger\u00e7e\u011fe d\u00f6n\u00fc\u015ft\u00fcrelim.<\/p>\n<\/div>\n<\/div>\n\n\n\n<div class=\"wp-block-group has-global-padding is-layout-constrained wp-container-core-group-is-layout-b3edac70 wp-block-group-is-layout-constrained\" style=\"padding-top:var(--wp--preset--spacing--superbspacing-small)\">\n<div class=\"wp-block-columns is-layout-flex wp-container-core-columns-is-layout-28f84493 wp-block-columns-is-layout-flex\">\n<div class=\"wp-block-column has-mono-4-background-color has-background is-layout-flow wp-block-column-is-layout-flow\" style=\"padding-top:var(--wp--preset--spacing--superbspacing-small);padding-right:var(--wp--preset--spacing--superbspacing-small);padding-bottom:var(--wp--preset--spacing--superbspacing-small);padding-left:var(--wp--preset--spacing--superbspacing-small)\">\n<figure class=\"wp-block-image aligncenter size-full is-resized\"><img decoding=\"async\" src=\"https:\/\/areaionx.com\/wp-content\/themes\/beiged\/inc\/superbthemes-info-content\/icons\/img-icon-4.png\" alt=\"\" style=\"object-fit:cover;width:48px;height:48px\"\/><\/figure>\n\n\n\n<h3 class=\"wp-block-heading has-text-align-center has-mono-1-color has-text-color has-link-color has-superbfont-medium-font-size wp-elements-7ce8352392419aa4be2a1de6e5b4bf56\" style=\"margin-top:0;margin-bottom:0\">Email<\/h3>\n\n\n\n<p class=\"has-text-align-center has-mono-2-color has-text-color has-superbfont-xsmall-font-size\" style=\"margin-top:var(--wp--preset--spacing--superbspacing-xxsmall);margin-bottom:0\"><a href=\"mailto:info@areaionx.com\">info@areaionx.com<\/a><\/p>\n<\/div>\n\n\n\n<div class=\"wp-block-column has-mono-4-background-color has-background is-layout-flow wp-block-column-is-layout-flow\" style=\"padding-top:var(--wp--preset--spacing--superbspacing-small);padding-right:var(--wp--preset--spacing--superbspacing-small);padding-bottom:var(--wp--preset--spacing--superbspacing-small);padding-left:var(--wp--preset--spacing--superbspacing-small)\">\n<figure class=\"wp-block-image aligncenter size-full is-resized\"><img decoding=\"async\" src=\"https:\/\/areaionx.com\/wp-content\/themes\/beiged\/inc\/superbthemes-info-content\/icons\/icon-mobile.png\" alt=\"\" style=\"object-fit:cover;width:48px;height:48px\"\/><\/figure>\n\n\n\n<h3 class=\"wp-block-heading has-text-align-center has-mono-1-color has-text-color has-superbfont-medium-font-size\" style=\"margin-top:0;margin-bottom:0\">Telefon<\/h3>\n\n\n\n<p class=\"has-text-align-center has-mono-2-color has-text-color has-superbfont-xsmall-font-size\" style=\"margin-top:var(--wp--preset--spacing--superbspacing-xxsmall);margin-bottom:0\"><a href=\"tel:05339270216\">0 (533) 927 02 16<\/a><\/p>\n<\/div>\n<\/div>\n<\/div>\n\n\n\n<div class=\"wp-block-group has-global-padding is-layout-constrained wp-container-core-group-is-layout-b3edac70 wp-block-group-is-layout-constrained\" style=\"padding-top:var(--wp--preset--spacing--superbspacing-small)\">\n<div class=\"wp-block-columns is-layout-flex wp-container-core-columns-is-layout-28f84493 wp-block-columns-is-layout-flex\">\n<div class=\"wp-block-column has-mono-4-background-color has-background is-layout-flow wp-block-column-is-layout-flow\" style=\"padding-top:var(--wp--preset--spacing--superbspacing-small);padding-right:var(--wp--preset--spacing--superbspacing-small);padding-bottom:var(--wp--preset--spacing--superbspacing-small);padding-left:var(--wp--preset--spacing--superbspacing-small)\">\n<figure class=\"wp-block-image aligncenter size-full is-resized\"><img loading=\"lazy\" decoding=\"async\" width=\"2528\" height=\"1696\" src=\"https:\/\/areaionx.com\/wp-content\/uploads\/2026\/01\/adres-ikon.png\" alt=\"\" class=\"wp-image-516\" style=\"aspect-ratio:1;object-fit:cover;width:68px;height:auto\" srcset=\"https:\/\/www.areaionx.com\/wp-content\/uploads\/2026\/01\/adres-ikon.png 2528w, https:\/\/www.areaionx.com\/wp-content\/uploads\/2026\/01\/adres-ikon-300x201.png 300w, https:\/\/www.areaionx.com\/wp-content\/uploads\/2026\/01\/adres-ikon-1024x687.png 1024w, https:\/\/www.areaionx.com\/wp-content\/uploads\/2026\/01\/adres-ikon-768x515.png 768w, https:\/\/www.areaionx.com\/wp-content\/uploads\/2026\/01\/adres-ikon-1536x1030.png 1536w, https:\/\/www.areaionx.com\/wp-content\/uploads\/2026\/01\/adres-ikon-2048x1374.png 2048w, https:\/\/www.areaionx.com\/wp-content\/uploads\/2026\/01\/adres-ikon-18x12.png 18w\" sizes=\"auto, (max-width: 2528px) 100vw, 2528px\" \/><\/figure>\n\n\n\n<h3 class=\"wp-block-heading has-text-align-center has-mono-1-color has-text-color has-link-color has-superbfont-medium-font-size wp-elements-d6cd38659b420bed5b56cb73b22c05f9\" style=\"margin-top:0;margin-bottom:0\">Adres<\/h3>\n\n\n\n<p class=\"has-text-align-center has-mono-2-color has-text-color has-superbfont-xsmall-font-size\" style=\"margin-top:var(--wp--preset--spacing--superbspacing-xxsmall);margin-bottom:0\"><strong><em>Merkez:<\/em><\/strong> B\u00fcy\u00fckba\u015f \u0130\u015fhan\u0131, \u0130smet Kaptan, 1374. Sk. No: 6, 35210 Konak\/\u0130zmir<br><strong><em>Teknopark:<\/em><\/strong> Celal Bayar \u00dcniversitesi Teknoloji Geli\u015ftirme B\u00f6lgesi K\u00fcme Evleri No:22<\/p>\n<\/div>\n<\/div>\n<\/div>\n<\/div>\n\n\n\n<div class=\"wp-block-contact-form-7-contact-form-selector superb-addons-hide-on-mobile superb-addons-hide-on-tablet\">\n<div class=\"wpcf7 no-js\" id=\"wpcf7-f304-o1\" lang=\"tr-TR\" dir=\"ltr\" data-wpcf7-id=\"304\">\n<div class=\"screen-reader-response\"><p role=\"status\" aria-live=\"polite\" aria-atomic=\"true\"><\/p> <ul><\/ul><\/div>\n<form action=\"\/en\/wp-json\/wp\/v2\/pages\/193#wpcf7-f304-o1\" method=\"post\" class=\"wpcf7-form init\" aria-label=\"\u0130leti\u015fim Formu\" novalidate=\"novalidate\" data-status=\"init\" data-trp-original-action=\"\/en\/wp-json\/wp\/v2\/pages\/193#wpcf7-f304-o1\">\n<fieldset class=\"hidden-fields-container\"><input type=\"hidden\" name=\"_wpcf7\" value=\"304\" \/><input type=\"hidden\" name=\"_wpcf7_version\" value=\"6.1.5\" \/><input type=\"hidden\" name=\"_wpcf7_locale\" value=\"tr_TR\" \/><input type=\"hidden\" name=\"_wpcf7_unit_tag\" value=\"wpcf7-f304-o1\" \/><input type=\"hidden\" name=\"_wpcf7_container_post\" value=\"0\" \/><input type=\"hidden\" name=\"_wpcf7_posted_data_hash\" value=\"\" \/><input type=\"hidden\" name=\"_wpcf7_recaptcha_response\" value=\"\" \/>\n<\/fieldset>\n<div class=\"areaionx-form-wrapper\">\n\t<div class=\"form-row\">\n\t\t<p><label> Ad\u0131n\u0131z Soyad\u0131n\u0131z<br \/>\n<span class=\"wpcf7-form-control-wrap\" data-name=\"your-name\"><input size=\"40\" maxlength=\"400\" class=\"wpcf7-form-control wpcf7-text wpcf7-validates-as-required form-control\" aria-required=\"true\" aria-invalid=\"false\" placeholder=\"Ad\u0131n\u0131z Soyad\u0131n\u0131z\" value=\"\" type=\"text\" name=\"your-name\" \/><\/span> <\/label>\n\t\t<\/p>\n\t<\/div>\n\t<div class=\"form-row\">\n\t\t<p><label> E-posta Adresiniz<br \/>\n<span class=\"wpcf7-form-control-wrap\" data-name=\"your-email\"><input size=\"40\" maxlength=\"400\" class=\"wpcf7-form-control wpcf7-email wpcf7-validates-as-required wpcf7-text wpcf7-validates-as-email form-control\" aria-required=\"true\" aria-invalid=\"false\" placeholder=\"ornek@sirket.com\" value=\"\" type=\"email\" name=\"your-email\" \/><\/span> <\/label>\n\t\t<\/p>\n\t<\/div>\n\t<div class=\"form-row\">\n\t\t<p><label> Telefon Numaran\u0131z<br \/>\n<span class=\"wpcf7-form-control-wrap\" data-name=\"tel-771\"><input size=\"40\" maxlength=\"400\" class=\"wpcf7-form-control wpcf7-tel wpcf7-validates-as-required wpcf7-text wpcf7-validates-as-tel form-control\" aria-required=\"true\" aria-invalid=\"false\" placeholder=\"05XX XXX XX XX\" value=\"\" type=\"tel\" name=\"tel-771\" \/><\/span> <\/label>\n\t\t<\/p>\n\t<\/div>\n\t<div class=\"form-row\">\n\t\t<p><label> \u015eirket \u0130smi<br \/>\n<span class=\"wpcf7-form-control-wrap\" data-name=\"company-name\"><input size=\"40\" maxlength=\"400\" class=\"wpcf7-form-control wpcf7-text form-control\" aria-invalid=\"false\" placeholder=\"\u015eirketinizin Ad\u0131\" value=\"\" type=\"text\" name=\"company-name\" \/><\/span> <\/label>\n\t\t<\/p>\n\t<\/div>\n\t<div class=\"form-row\">\n\t\t<p><label> \u00c7al\u0131\u015ft\u0131\u011f\u0131 B\u00f6l\u00fcm<br \/>\n<span class=\"wpcf7-form-control-wrap\" data-name=\"department\"><input size=\"40\" maxlength=\"400\" class=\"wpcf7-form-control wpcf7-text form-control\" aria-invalid=\"false\" placeholder=\"Departman\u0131n\u0131z \/ Unvan\u0131n\u0131z\" value=\"\" type=\"text\" name=\"department\" \/><\/span> <\/label>\n\t\t<\/p>\n\t<\/div>\n\t<div class=\"form-row\">\n\t\t<p><label> \u0130lgilendi\u011finiz \u00dcr\u00fcn<br \/>\n<span class=\"wpcf7-form-control-wrap\" data-name=\"product-interest\"><select class=\"wpcf7-form-control wpcf7-select wpcf7-validates-as-required form-control\" aria-required=\"true\" aria-invalid=\"false\" name=\"product-interest\"><option value=\"\">L\u00fctfen bir \u00fcr\u00fcn se\u00e7iniz...<\/option><option value=\"AREaiONX Core\">AREaiONX Core<\/option><option value=\"AREaiONX Smart\">AREaiONX Smart<\/option><option value=\"AREaiONX Autonomous\">AREaiONX Autonomous<\/option><option value=\"AREaiONX Tailored\">AREaiONX Tailored<\/option><option value=\"AREaiONX aiWeigh Otonom Kantar\">AREaiONX aiWeigh Autonomous Scale<\/option><option value=\"Size \u00d6zel \u00c7\u00f6z\u00fcmler\">Size \u00d6zel \u00c7\u00f6z\u00fcmler<\/option><\/select><\/span> <\/label>\n\t\t<\/p>\n\t<\/div>\n\t<div class=\"form-row\">\n\t\t<p><label> Mesaj\u0131n\u0131z<br \/>\n<span class=\"wpcf7-form-control-wrap\" data-name=\"your-message\"><textarea cols=\"40\" rows=\"10\" maxlength=\"2000\" class=\"wpcf7-form-control wpcf7-textarea wpcf7-validates-as-required form-control\" aria-required=\"true\" aria-invalid=\"false\" placeholder=\"Bize iletmek istedi\u011finiz detaylar...\" name=\"your-message\"><\/textarea><\/span> <\/label>\n\t\t<\/p>\n\t<\/div>\n\t<div class=\"form-submit\">\n\t\t<p><input class=\"wpcf7-form-control wpcf7-submit has-spinner\" type=\"submit\" value=\"G\u00d6NDER\" \/>\n\t\t<\/p>\n\t<\/div>\n<\/div><div class=\"wpcf7-response-output\" aria-hidden=\"true\"><\/div>\n<input type=\"hidden\" name=\"trp-form-language\" value=\"en\"\/><\/form>\n<\/div>\n<\/div>\n\n\n\n<p><\/p>","protected":false},"excerpt":{"rendered":"<p>Hadi Konu\u015fal\u0131m &#8220;Gelece\u011fin d\u00fcnyas\u0131n\u0131 bug\u00fcn\u00fcn g\u00f6r\u00fcs\u00fcyle in\u015fa etmeye haz\u0131r m\u0131s\u0131n\u0131z?&#8221; \u0130\u015fletmenizin g\u00fcvenli\u011fini ve verimlili\u011fini yapay zekan\u0131n g\u00fcc\u00fcyle bir \u00fcst seviyeye ta\u015f\u0131yal\u0131m. Hayallerinizdeki projeyi anlat\u0131n, AREaiONX ile ger\u00e7e\u011fe d\u00f6n\u00fc\u015ft\u00fcrelim. Email info@areaionx.com Telefon 0 (533) 927 02 16 Adres Merkez: B\u00fcy\u00fckba\u015f \u0130\u015fhan\u0131, \u0130smet Kaptan, 1374. Sk. No: 6, 35210 Konak\/\u0130zmirTeknopark: Celal Bayar \u00dcniversitesi Teknoloji Geli\u015ftirme B\u00f6lgesi K\u00fcme [&hellip;]<\/p>\n","protected":false},"author":1,"featured_media":0,"parent":0,"menu_order":0,"comment_status":"closed","ping_status":"closed","template":"","meta":{"_joinchat":[],"footnotes":""},"class_list":["post-193","page","type-page","status-publish","hentry"],"featured_image_url":[],"post_author":"AREaiONX","assigned_categories":"","_links":{"self":[{"href":"https:\/\/www.areaionx.com\/en\/wp-json\/wp\/v2\/pages\/193","targetHints":{"allow":["GET"]}}],"collection":[{"href":"https:\/\/www.areaionx.com\/en\/wp-json\/wp\/v2\/pages"}],"about":[{"href":"https:\/\/www.areaionx.com\/en\/wp-json\/wp\/v2\/types\/page"}],"author":[{"embeddable":true,"href":"https:\/\/www.areaionx.com\/en\/wp-json\/wp\/v2\/users\/1"}],"replies":[{"embeddable":true,"href":"https:\/\/www.areaionx.com\/en\/wp-json\/wp\/v2\/comments?post=193"}],"version-history":[{"count":9,"href":"https:\/\/www.areaionx.com\/en\/wp-json\/wp\/v2\/pages\/193\/revisions"}],"predecessor-version":[{"id":562,"href":"https:\/\/www.areaionx.com\/en\/wp-json\/wp\/v2\/pages\/193\/revisions\/562"}],"wp:attachment":[{"href":"https:\/\/www.areaionx.com\/en\/wp-json\/wp\/v2\/media?parent=193"}],"curies":[{"name":"wp","href":"https:\/\/api.w.org\/{rel}","templated":true}]}}