{"id":174,"date":"2025-12-10T13:05:56","date_gmt":"2025-12-10T13:05:56","guid":{"rendered":"https:\/\/areaionx.com\/?page_id=174"},"modified":"2025-12-10T13:05:56","modified_gmt":"2025-12-10T13:05:56","slug":"hizmet-verdigimiz-sektorler","status":"publish","type":"page","link":"https:\/\/www.areaionx.com\/en\/hizmet-verdigimiz-sektorler\/","title":{"rendered":"Industries We Serve"},"content":{"rendered":"<figure class=\"wp-block-image\"><img decoding=\"async\" src=\"https:\/\/areaionx.com\/wp-content\/uploads\/2025\/12\/Sanayi-ve-Uretim-Tesisleri-en.png\" alt=\"\"\/><\/figure>\n\n\n\n<h3 class=\"wp-block-heading\">Industrial and Production Facilities<\/h3>\n\n\n\n<ul class=\"wp-block-list\">\n<li>Industrial Facilities &amp; Manufacturing Plants<\/li>\n\n\n\n<li>Personal Protective Equipment (PPE) tracking<\/li>\n\n\n\n<li>Machine safety status analysis<\/li>\n\n\n\n<li>Production line anomaly detection<\/li>\n\n\n\n<li>Product counting and quality control<\/li>\n\n\n\n<li>Fall and reaching-to-height detection<\/li>\n\n\n\n<li>Zone, Forklift, and Vehicle-Human Interaction<\/li>\n\n\n\n<li>Restricted Zone, Robot Area Safety, and Robot-Human Interaction<\/li>\n\n\n\n<li>Boutique, 5S Organization and Order Control<\/li>\n\n\n\n<li>Boutique, Lighting Control<\/li>\n\n\n\n<li>Boutique, Fire and Smoke Control<\/li>\n\n\n\n<li>Boutique, Emergency Exit and Walkway Monitoring<\/li>\n\n\n\n<li>Boutique, Detection of Improperly Placed Materials<\/li>\n\n\n\n<li>Boutique, Transformer and Panel Cover Monitoring<\/li>\n<\/ul>\n\n\n\n<figure class=\"wp-block-image\"><img decoding=\"async\" src=\"https:\/\/areaionx.com\/wp-content\/uploads\/2025\/12\/Lojistik-ve-Sevkiyat-Operasyonlari-en.png\" alt=\"\"\/><\/figure>\n\n\n\n<hr class=\"wp-block-separator has-alpha-channel-opacity\"\/>\n\n\n\n<h3 class=\"wp-block-heading\">Logistics and Shipping Operations<\/h3>\n\n\n\n<ul class=\"wp-block-list\">\n<li>Forklift, Semi-truck, and Truck Speed Tracking<\/li>\n\n\n\n<li>Vehicle-Pedestrian Interaction Monitoring and Alert Generation<\/li>\n\n\n\n<li>Driverless weighing with autonomous weighbridge systems<\/li>\n\n\n\n<li>OCR Reading of Printed Weighbridge Tickets and SAP Integration<\/li>\n\n\n\n<li>Secure guidance with license plate recognition at vehicle entry\/exit points<\/li>\n\n\n\n<li>Product\/Bag Counting and Color-Based Classification on the Shipping Line<\/li>\n\n\n\n<li>Boutique, Material Placement in Warehouses, Walkway and Emergency Exit Safety<\/li>\n\n\n\n<li>Boutique, PPE Control and Driver Exit Safety Monitoring<\/li>\n<\/ul>\n\n\n\n<figure class=\"wp-block-image\"><img decoding=\"async\" src=\"https:\/\/areaionx.com\/wp-content\/uploads\/2025\/12\/Agac-Bazli-Malzeme-ve-Agir-Sanayi-Uretimi-en.png\" alt=\"\"\/><\/figure>\n\n\n\n<hr class=\"wp-block-separator has-alpha-channel-opacity\"\/>\n\n\n\n<h3 class=\"wp-block-heading\">Wood-Based Material and Heavy Industry Production<\/h3>\n\n\n\n<ul class=\"wp-block-list\">\n<li>Detection of stones and foreign objects on the timber cutting line<\/li>\n\n\n\n<li>Unit-based counting for board and panel products<\/li>\n\n\n\n<li>Quality control on the shipping line<\/li>\n\n\n\n<li>Camera-aided machine guarding systems<\/li>\n<\/ul>\n\n\n\n<figure class=\"wp-block-image\"><img decoding=\"async\" src=\"https:\/\/areaionx.com\/wp-content\/uploads\/2025\/12\/Kurumsal-Kampus-ve-Tesis-Giris-Sistemleri-en.png\" alt=\"\"\/><\/figure>\n\n\n\n<hr class=\"wp-block-separator has-alpha-channel-opacity\"\/>\n\n\n\n<h3 class=\"wp-block-heading\">Corporate Campus and Facility Entry Systems<\/h3>\n\n\n\n<ul class=\"wp-block-list\">\n<li>License Plate Recognition Systems<\/li>\n\n\n\n<li>ERP and Security Systems Integration<\/li>\n\n\n\n<li>Smart Guidance Solutions<\/li>\n\n\n\n<li>Unauthorized Entry Detection<\/li>\n\n\n\n<li>Turnstile and Face Recognition Integration<\/li>\n\n\n\n<li>Vehicle-pedestrian separation control<\/li>\n\n\n\n<li>Boutique, Entry-Exit Tracking and Reporting<\/li>\n<\/ul>\n\n\n\n<figure class=\"wp-block-image\"><img decoding=\"async\" src=\"https:\/\/areaionx.com\/upload\/page\/sektorler\/a5.webp\" alt=\"\"\/><\/figure>\n\n\n\n<hr class=\"wp-block-separator has-alpha-channel-opacity\"\/>\n\n\n\n<h3 class=\"wp-block-heading\">Weighbridge and Document Digitization<\/h3>\n\n\n\n<ul class=\"wp-block-list\">\n<li>OCR-Supported Weighbridge Ticket Reading<\/li>\n\n\n\n<li>Data Transfer to SAP and ERP Systems<\/li>\n\n\n\n<li>Position tracking of semi-trucks and trucks on the weighbridge<\/li>\n\n\n\n<li>Autonomous Weighing Verification Systems<\/li>\n\n\n\n<li>License plate matching and driver identity verification<\/li>\n\n\n\n<li>Product\/Bag Counting and Color-Based Classification on the Shipping Line<\/li>\n\n\n\n<li>Boutique, Digital Archiving and Traceability Infrastructure<\/li>\n\n\n\n<li>Boutique, Integration Solutions that Reduce Manual Processes<\/li>\n<\/ul>\n\n\n\n<figure class=\"wp-block-image\"><img decoding=\"async\" src=\"https:\/\/areaionx.com\/wp-content\/uploads\/2025\/12\/Yem-Gida-ve-Donuk-Urun-Uretimi-en.png\" alt=\"\"\/><\/figure>\n\n\n\n<hr class=\"wp-block-separator has-alpha-channel-opacity\"\/>\n\n\n\n<h3 class=\"wp-block-heading\">Feed, Food, and Frozen Product Production<\/h3>\n\n\n\n<ul class=\"wp-block-list\">\n<li>Sorting and Counting of Frozen Bakery Products<\/li>\n\n\n\n<li>Bag counting, classification, and color-based analysis<\/li>\n\n\n\n<li>End-of-line control and automated reporting<\/li>\n<\/ul>","protected":false},"excerpt":{"rendered":"<p>Sanayi ve \u00dcretim Tesisleri Lojistik ve Sevkiyat Operasyonlar\u0131 A\u011fa\u00e7 Bazl\u0131 Malzeme ve A\u011f\u0131r Sanayi \u00dcretimi Kurumsal Kamp\u00fcs ve Tesis Giri\u015f Sistemleri Kantar ve Belge Dijitalle\u015ftirme Yem, G\u0131da ve Donuk \u00dcr\u00fcn \u00dcretimi<\/p>","protected":false},"author":1,"featured_media":0,"parent":0,"menu_order":0,"comment_status":"closed","ping_status":"closed","template":"","meta":{"_joinchat":[],"footnotes":""},"class_list":["post-174","page","type-page","status-publish","hentry"],"featured_image_url":[],"post_author":"AREaiONX","assigned_categories":"","_links":{"self":[{"href":"https:\/\/www.areaionx.com\/en\/wp-json\/wp\/v2\/pages\/174","targetHints":{"allow":["GET"]}}],"collection":[{"href":"https:\/\/www.areaionx.com\/en\/wp-json\/wp\/v2\/pages"}],"about":[{"href":"https:\/\/www.areaionx.com\/en\/wp-json\/wp\/v2\/types\/page"}],"author":[{"embeddable":true,"href":"https:\/\/www.areaionx.com\/en\/wp-json\/wp\/v2\/users\/1"}],"replies":[{"embeddable":true,"href":"https:\/\/www.areaionx.com\/en\/wp-json\/wp\/v2\/comments?post=174"}],"version-history":[{"count":1,"href":"https:\/\/www.areaionx.com\/en\/wp-json\/wp\/v2\/pages\/174\/revisions"}],"predecessor-version":[{"id":175,"href":"https:\/\/www.areaionx.com\/en\/wp-json\/wp\/v2\/pages\/174\/revisions\/175"}],"wp:attachment":[{"href":"https:\/\/www.areaionx.com\/en\/wp-json\/wp\/v2\/media?parent=174"}],"curies":[{"name":"wp","href":"https:\/\/api.w.org\/{rel}","templated":true}]}}