{"id":172,"date":"2025-12-10T13:05:12","date_gmt":"2025-12-10T13:05:12","guid":{"rendered":"https:\/\/areaionx.com\/?page_id=172"},"modified":"2026-01-12T07:25:21","modified_gmt":"2026-01-12T07:25:21","slug":"areaionx-aiweigh-otonom-kantar","status":"publish","type":"page","link":"https:\/\/www.areaionx.com\/en\/areaionx-aiweigh-otonom-kantar\/","title":{"rendered":"AREaiONX aiWeigh Autonomous Scale"},"content":{"rendered":"<figure class=\"wp-block-image\"><img decoding=\"async\" src=\"https:\/\/areaionx.com\/wp-content\/uploads\/2025\/12\/Otonom-Kantar-en.png\" alt=\"\"\/><\/figure>\n\n\n\n<h2 class=\"wp-block-heading\" style=\"border-top-left-radius:0px;border-top-right-radius:0px;border-bottom-left-radius:0px;border-bottom-right-radius:0px\">AREaiONX aiWeigh \u2013 Intelligent and Autonomous Weighing System<\/h2>\n\n\n\n<h4 class=\"wp-block-heading\">AI-powered, end-to-end autonomous weighing solution for heavy commercial vehicles<\/h4>\n\n\n\n<p class=\"superb-addons-hide-on-mobile superb-addons-hide-on-tablet\">AREaiONX aiWeigh automates the entire weighing process from facility entry to exit. By utilizing AI-powered analysis, camera imagery, and ERP integration, it minimizes labor requirements while ensuring accuracy, speed, and data security<\/p>\n\n\n\n<h5 class=\"wp-block-heading\">Core Components<\/h5>\n\n\n\n<ul class=\"wp-block-list\">\n<li style=\"margin-top:0;margin-right:0;margin-bottom:0;margin-left:0\">License plate recognition cameras<\/li>\n\n\n\n<li>Overhead camera (externally mounted) for vehicle top-view monitoring:\n<ul class=\"wp-block-list\">\n<li>Material type recognition<\/li>\n\n\n\n<li>Tarp open\/closed detection<\/li>\n\n\n\n<li>Container lettering and seal inspection<\/li>\n\n\n\n<li>Analysis of container damage detection<\/li>\n<\/ul>\n<\/li>\n\n\n\n<li>LED guidance displays<\/li>\n\n\n\n<li>AI-powered analysis modules<\/li>\n<\/ul>\n\n\n\n<blockquote class=\"wp-block-quote is-layout-flow wp-block-quote-is-layout-flow\">\n<h5 class=\"wp-block-heading\">Component counts are customized according to the project.<\/h5>\n<\/blockquote>\n\n\n\n<h5 class=\"wp-block-heading\">Weighing Data Infrastructure<\/h5>\n\n\n\n<ul class=\"wp-block-list\">\n<li>License plate and vehicle class recognition<\/li>\n\n\n\n<li>With overhead imaging&nbsp;<strong>Load\/material type detection<\/strong>&nbsp;(scrap, mine, sand, etc.)<\/li>\n\n\n\n<li>Tarp position and compliance check<\/li>\n\n\n\n<li>Container lettering, seal status, and deformation analysis<\/li>\n\n\n\n<li>Such as DBA&nbsp;<strong>Generation of documents integrated with state systems<\/strong><\/li>\n\n\n\n<li>of the whole process&nbsp;<strong>Visual recording and digital archiving of the entire process<\/strong><\/li>\n\n\n\n<li>Integration with SAP\/ERP systems&nbsp;<strong>Fully integrated data management<\/strong><\/li>\n\n\n\n<li>Automatic slip generation and in-system guidance<\/li>\n<\/ul>\n\n\n\n<h5 class=\"wp-block-heading\">Key Benefits<\/h5>\n\n\n\n<ul class=\"wp-block-list\">\n<li>Reduces the need for manual operators<\/li>\n\n\n\n<li>Time and accuracy gains in the weighing process<\/li>\n\n\n\n<li>High scalability in high-traffic areas such as ports, mines, and production facilities<\/li>\n\n\n\n<li>Digital superiority in reporting, archiving, and traceability<\/li>\n<\/ul>\n\n\n\n<p><strong>AREaiONX aiWeigh,<\/strong>transforms weighing areas into Industry 4.0 compliant, transparent, and autonomous environments, carrying them into the future.<\/p>","protected":false},"excerpt":{"rendered":"<p>AREaiONX aiWeigh \u2013 Ak\u0131ll\u0131 ve Otonom Tart\u0131m Sistemi A\u011f\u0131r ticari ara\u00e7lar i\u00e7in yapay zek\u00e2 destekli, u\u00e7tan uca otonom tart\u0131m \u00e7\u00f6z\u00fcm\u00fc AREaiONX aiWeigh, tesis giri\u015finden \u00e7\u0131k\u0131\u015f\u0131na kadar tart\u0131m sahas\u0131ndaki t\u00fcm s\u00fcreci otomatikle\u015ftirir. Yapay zek\u00e2 destekli analizler, kamera g\u00f6r\u00fcnt\u00fcleri ve ERP entegrasyonu ile i\u015f g\u00fcc\u00fc ihtiyac\u0131n\u0131 minimize ederken; do\u011fruluk, h\u0131z ve kay\u0131t g\u00fcvenli\u011fi sa\u011flar. Temel Bile\u015fenler Bile\u015fen [&hellip;]<\/p>\n","protected":false},"author":1,"featured_media":0,"parent":0,"menu_order":0,"comment_status":"closed","ping_status":"closed","template":"","meta":{"_joinchat":[],"footnotes":""},"class_list":["post-172","page","type-page","status-publish","hentry"],"featured_image_url":[],"post_author":"AREaiONX","assigned_categories":"","_links":{"self":[{"href":"https:\/\/www.areaionx.com\/en\/wp-json\/wp\/v2\/pages\/172","targetHints":{"allow":["GET"]}}],"collection":[{"href":"https:\/\/www.areaionx.com\/en\/wp-json\/wp\/v2\/pages"}],"about":[{"href":"https:\/\/www.areaionx.com\/en\/wp-json\/wp\/v2\/types\/page"}],"author":[{"embeddable":true,"href":"https:\/\/www.areaionx.com\/en\/wp-json\/wp\/v2\/users\/1"}],"replies":[{"embeddable":true,"href":"https:\/\/www.areaionx.com\/en\/wp-json\/wp\/v2\/comments?post=172"}],"version-history":[{"count":3,"href":"https:\/\/www.areaionx.com\/en\/wp-json\/wp\/v2\/pages\/172\/revisions"}],"predecessor-version":[{"id":432,"href":"https:\/\/www.areaionx.com\/en\/wp-json\/wp\/v2\/pages\/172\/revisions\/432"}],"wp:attachment":[{"href":"https:\/\/www.areaionx.com\/en\/wp-json\/wp\/v2\/media?parent=172"}],"curies":[{"name":"wp","href":"https:\/\/api.w.org\/{rel}","templated":true}]}}