{"id":170,"date":"2025-12-10T13:04:53","date_gmt":"2025-12-10T13:04:53","guid":{"rendered":"https:\/\/areaionx.com\/?page_id=170"},"modified":"2025-12-10T13:04:53","modified_gmt":"2025-12-10T13:04:53","slug":"areaionx-tailored","status":"publish","type":"page","link":"https:\/\/www.areaionx.com\/en\/areaionx-tailored\/","title":{"rendered":"AREaiONX Tailored"},"content":{"rendered":"<figure class=\"wp-block-image\"><img decoding=\"async\" src=\"https:\/\/areaionx.com\/wp-content\/uploads\/2025\/12\/Tailored-en.png\" alt=\"\"\/><\/figure>\n\n\n\n<h2 class=\"wp-block-heading\">Advanced AI Package Configured According to Organization-Specific Needs<\/h2>\n\n\n\n<blockquote class=\"wp-block-quote is-layout-flow wp-block-quote-is-layout-flow\">\n<h5 class=\"wp-block-heading\">SmaTailored Paket, AREaiONX\u2019in en esnek ve g\u00fc\u00e7l\u00fc \u00e7\u00f6z\u00fcm setidir. Bu paket, tamamen kurumunuzun sekt\u00f6r\u00fcne, risk profiline, i\u015f s\u00fcre\u00e7lerine ve fiziksel ortam\u0131na g\u00f6re \u00f6zel olarak tasarlan\u0131r. Her bir analiz mod\u00fcl\u00fc, saha verileriniz ve \u00f6nceliklerinize g\u00f6re yap\u0131land\u0131r\u0131l\u0131r.<\/h5>\n<\/blockquote>\n\n\n\n<h4 class=\"wp-block-heading\">Analyses and Capabilities<\/h4>\n\n\n\n<p><strong>Organization-Specific Analysis Definitions<\/strong><br>Each organization has unique sectoral needs and operational processes. Within the scope of the Tailored Package, we develop unique solutions such as:<\/p>\n\n\n\n<p><strong>Product Counting and Tracking<\/strong><br>Automatic counting of products on the production line or in storage areas, along with accurate packaging and placement control.<\/p>\n\n\n\n<hr class=\"wp-block-separator has-alpha-channel-opacity\"\/>\n\n\n\n<p><strong>Product Anomaly Detection<\/strong><br>Detection of visual quality problems such as faulty production, deformation, missing parts, or incorrect labeling.<\/p>\n\n\n\n<hr class=\"wp-block-separator has-alpha-channel-opacity\"\/>\n\n\n\n<p><strong>Employee Performance Tracking<\/strong><br>Performance measurement by analyzing mobility within the task area, duration of contribution to production, pauses, and rest periods.<\/p>\n\n\n\n<hr class=\"wp-block-separator has-alpha-channel-opacity\"\/>\n\n\n\n<p><strong>Production Line Flow Audit<\/strong><br>Visual inspection of assembly and production steps, and detection of out-of-process behaviors or deficiencies.<\/p>\n\n\n\n<hr class=\"wp-block-separator has-alpha-channel-opacity\"\/>\n\n\n\n<p><strong>Industry-Specific Safety and Quality Analyses<\/strong><br>Algorithms for specific risk and quality control needs in various sectors such as food, automotive, textile, and energy.<\/p>\n\n\n\n<hr class=\"wp-block-separator has-alpha-channel-opacity\"\/>\n\n\n\n<p><strong>Machine Status and Operational Violation Detection<\/strong><br>Real-time analysis of situations such as machines with open covers during operation, incorrect usage, pauses, or operator errors.<\/p>\n\n\n\n<hr class=\"wp-block-separator has-alpha-channel-opacity\"\/>\n\n\n\n<p><strong>Digital Archive and Retrospective Incident Investigation<\/strong><br>Archiving of all analysis results with time and area-based tagging, enabling them to be quickly retrieved and reviewed.<\/p>\n\n\n\n<h4 class=\"wp-block-heading\">Integration and Notification Capabilities<\/h4>\n\n\n\n<p>Full integration capability with corporate systems (SAP, SCADA, etc.)<\/p>\n\n\n\n<p>Advanced user management (unlimited users and authorization)<\/p>\n\n\n\n<p>Mobile application access<\/p>\n\n\n\n<p>Instant notification support via E-Mail and SMS<\/p>\n\n\n\n<p>Detailed monitoring and reporting via a web-based management panel<\/p>\n\n\n\n<h5 class=\"wp-block-heading\">Benefits<\/h5>\n\n\n\n<ul class=\"wp-block-list\">\n<li>Maximum accuracy with 100% organization-specific algorithms<\/li>\n\n\n\n<li>High reliability through field-specific model training<\/li>\n\n\n\n<li>Flexibility to provide solutions for the most complex safety and efficiency scenarios<\/li>\n\n\n\n<li>Continuously expandable and updatable modular structure<\/li>\n\n\n\n<li>Increasing employee safety and production quality by ensuring full compliance with internal processes<\/li>\n<\/ul>","protected":false},"excerpt":{"rendered":"<p>Kurulu\u015fa \u00d6zel \u0130htiya\u00e7lara G\u00f6re Yap\u0131land\u0131r\u0131lan Geli\u015fmi\u015f Yapay Zek\u00e2 Paketi SmaTailored Paket, AREaiONX\u2019in en esnek ve g\u00fc\u00e7l\u00fc \u00e7\u00f6z\u00fcm setidir. Bu paket, tamamen kurumunuzun sekt\u00f6r\u00fcne, risk profiline, i\u015f s\u00fcre\u00e7lerine ve fiziksel ortam\u0131na g\u00f6re \u00f6zel olarak tasarlan\u0131r. Her bir analiz mod\u00fcl\u00fc, saha verileriniz ve \u00f6nceliklerinize g\u00f6re yap\u0131land\u0131r\u0131l\u0131r. Analizler ve Yetenekler Kurulu\u015fa \u00d6zel Analiz Tan\u0131mlar\u0131Her kurulu\u015fun sekt\u00f6rel ihtiya\u00e7lar\u0131 ve [&hellip;]<\/p>\n","protected":false},"author":1,"featured_media":0,"parent":0,"menu_order":0,"comment_status":"closed","ping_status":"closed","template":"","meta":{"_joinchat":[],"footnotes":""},"class_list":["post-170","page","type-page","status-publish","hentry"],"featured_image_url":[],"post_author":"AREaiONX","assigned_categories":"","_links":{"self":[{"href":"https:\/\/www.areaionx.com\/en\/wp-json\/wp\/v2\/pages\/170","targetHints":{"allow":["GET"]}}],"collection":[{"href":"https:\/\/www.areaionx.com\/en\/wp-json\/wp\/v2\/pages"}],"about":[{"href":"https:\/\/www.areaionx.com\/en\/wp-json\/wp\/v2\/types\/page"}],"author":[{"embeddable":true,"href":"https:\/\/www.areaionx.com\/en\/wp-json\/wp\/v2\/users\/1"}],"replies":[{"embeddable":true,"href":"https:\/\/www.areaionx.com\/en\/wp-json\/wp\/v2\/comments?post=170"}],"version-history":[{"count":1,"href":"https:\/\/www.areaionx.com\/en\/wp-json\/wp\/v2\/pages\/170\/revisions"}],"predecessor-version":[{"id":171,"href":"https:\/\/www.areaionx.com\/en\/wp-json\/wp\/v2\/pages\/170\/revisions\/171"}],"wp:attachment":[{"href":"https:\/\/www.areaionx.com\/en\/wp-json\/wp\/v2\/media?parent=170"}],"curies":[{"name":"wp","href":"https:\/\/api.w.org\/{rel}","templated":true}]}}