{"id":160,"date":"2025-12-10T12:54:08","date_gmt":"2025-12-10T12:54:08","guid":{"rendered":"https:\/\/areaionx.com\/?page_id=160"},"modified":"2026-01-12T08:50:19","modified_gmt":"2026-01-12T08:50:19","slug":"size-ozel-cozumler","status":"publish","type":"page","link":"https:\/\/www.areaionx.com\/en\/size-ozel-cozumler\/","title":{"rendered":"Size \u00d6zel \u00c7\u00f6z\u00fcmler"},"content":{"rendered":"<h2 class=\"wp-block-heading has-text-align-center\">Solutions Tailored to Your Needs<\/h2>\n\n\n\n<p>Every organization has its unique structure, different operational dynamics, and specific security\/efficiency goals. At AREaiONX, we go beyond the comprehensive capabilities offered by our standard packages to&nbsp;<strong>deliver custom solutions that precisely fit your organization's unique requirements.<\/strong>&nbsp;we have the flexibility to develop.<\/p>\n\n\n\n<p>The modules we detailed above (Smart Environmental Lighting Optimization, Proactive Hazardous Behavior Analysis, Smart Speed Measurement and Vehicle Tracking, Smart Vehicle-Human Interaction Analysis, Smart Robot-Machine Area Security, Smart Production Quality Control and Tracking, Smart Resource Optimization and Waste Management) constitute only a part of AREaiONX's wide range of capabilities. Thanks to our deep expertise in artificial intelligence and image processing, we can expand the scope of these existing modules, or develop custom solutions focused on a specific problem.&nbsp;<strong>develop new analyses,<\/strong>&nbsp;or integrate with your existing systems.&nbsp;<strong>deep integrations<\/strong>&nbsp;we can provide.<\/p>\n\n\n\n<p><strong>Our Customer-Specific Project Planning Process:<\/strong><\/p>\n\n\n\n<ol class=\"wp-block-list\">\n<li><strong>Needs Analysis:<\/strong>\u00a0Our expert team meticulously analyzes the existing operational processes, challenges faced, and goals you aim to achieve within your organization. During this process, the suitability of your current camera infrastructure and requirements for additional hardware are also assessed.<\/li>\n\n\n\n<li><strong>Custom Solution Design:<\/strong>\u00a0As a result of the analyses performed, a custom solution architecture and a set of functionalities are designed specifically for you. At this stage, the specific algorithms for behavior, object, or condition detection that you require are determined.<\/li>\n\n\n\n<li><strong>Prototyping and Development:<\/strong>\u00a0The designed solution is developed using advanced artificial intelligence and machine learning techniques and is trained with real-world data.<\/li>\n\n\n\n<li><strong>Integration and Deployment:<\/strong>\u00a0The developed custom solution is seamlessly integrated into your existing IT and OT (Operational Technology) infrastructure. It is enabled to communicate directly with your robot control systems, ERP, MES, or other automation systems.<\/li>\n\n\n\n<li><strong>Performance Optimization and Continuous Support:<\/strong>\u00a0After the solution is deployed, performance monitoring is carried out, optimizations are made based on feedback, and long-term technical support is provided.<\/li>\n<\/ol>\n\n\n\n<p>With AREaiONX, by going beyond standard solutions,&nbsp;<strong>we can deliver innovative, high-value-added projects tailored specifically to your organization.<\/strong>&nbsp;you can implement. Contact us for custom solutions that best suit the nature of your business. Let's build the smart and secure operations of the future together through projects we will develop collaboratively.<\/p>","protected":false},"excerpt":{"rendered":"<p>\u0130htiya\u00e7lar\u0131n\u0131za \u00d6zel \u00c7\u00f6z\u00fcmler Her kurulu\u015fun kendine \u00f6zg\u00fc bir yap\u0131s\u0131, farkl\u0131 operasyonel dinamikleri ve spesifik g\u00fcvenlik\/verimlilik hedefleri bulunur. AREaiONX olarak, standart paketlerimizin sundu\u011fu kapsaml\u0131 yeteneklerin \u00f6tesine ge\u00e7erek,&nbsp;kurulu\u015funuzun benzersiz gereksinimlerine tam olarak uyan \u00f6zel \u00e7\u00f6z\u00fcmler&nbsp;geli\u015ftirme esnekli\u011fine sahibiz. Yukar\u0131da detayland\u0131rd\u0131\u011f\u0131m\u0131z mod\u00fcller (Ak\u0131ll\u0131 Ortam Ayd\u0131nlatma Optimizasyonu, Proaktif Tehlikeli Davran\u0131\u015f Analizi, Ak\u0131ll\u0131 H\u0131z \u00d6l\u00e7\u00fcm\u00fc ve Ara\u00e7 Takibi, Ak\u0131ll\u0131 Ara\u00e7-\u0130nsan Etkile\u015fimi [&hellip;]<\/p>\n","protected":false},"author":1,"featured_media":0,"parent":0,"menu_order":0,"comment_status":"closed","ping_status":"closed","template":"","meta":{"_joinchat":[],"footnotes":""},"class_list":["post-160","page","type-page","status-publish","hentry"],"featured_image_url":[],"post_author":"AREaiONX","assigned_categories":"","_links":{"self":[{"href":"https:\/\/www.areaionx.com\/en\/wp-json\/wp\/v2\/pages\/160","targetHints":{"allow":["GET"]}}],"collection":[{"href":"https:\/\/www.areaionx.com\/en\/wp-json\/wp\/v2\/pages"}],"about":[{"href":"https:\/\/www.areaionx.com\/en\/wp-json\/wp\/v2\/types\/page"}],"author":[{"embeddable":true,"href":"https:\/\/www.areaionx.com\/en\/wp-json\/wp\/v2\/users\/1"}],"replies":[{"embeddable":true,"href":"https:\/\/www.areaionx.com\/en\/wp-json\/wp\/v2\/comments?post=160"}],"version-history":[{"count":2,"href":"https:\/\/www.areaionx.com\/en\/wp-json\/wp\/v2\/pages\/160\/revisions"}],"predecessor-version":[{"id":454,"href":"https:\/\/www.areaionx.com\/en\/wp-json\/wp\/v2\/pages\/160\/revisions\/454"}],"wp:attachment":[{"href":"https:\/\/www.areaionx.com\/en\/wp-json\/wp\/v2\/media?parent=160"}],"curies":[{"name":"wp","href":"https:\/\/api.w.org\/{rel}","templated":true}]}}