{"id":145,"date":"2025-12-10T12:40:05","date_gmt":"2025-12-10T12:40:05","guid":{"rendered":"https:\/\/areaionx.com\/?page_id=145"},"modified":"2026-01-12T08:39:03","modified_gmt":"2026-01-12T08:39:03","slug":"yangin-duman-alev-gozlemcisi","status":"publish","type":"page","link":"https:\/\/www.areaionx.com\/en\/yangin-duman-alev-gozlemcisi\/","title":{"rendered":"Yang\u0131n Duman Alev G\u00f6zlemcisi"},"content":{"rendered":"<figure class=\"wp-block-image size-full\"><img loading=\"lazy\" decoding=\"async\" width=\"2015\" height=\"225\" src=\"https:\/\/areaionx.com\/wp-content\/uploads\/2025\/12\/6.1.webp\" alt=\"\" class=\"wp-image-146\" srcset=\"https:\/\/www.areaionx.com\/wp-content\/uploads\/2025\/12\/6.1.webp 2015w, https:\/\/www.areaionx.com\/wp-content\/uploads\/2025\/12\/6.1-300x33.webp 300w, https:\/\/www.areaionx.com\/wp-content\/uploads\/2025\/12\/6.1-1024x114.webp 1024w, https:\/\/www.areaionx.com\/wp-content\/uploads\/2025\/12\/6.1-768x86.webp 768w, https:\/\/www.areaionx.com\/wp-content\/uploads\/2025\/12\/6.1-1536x172.webp 1536w\" sizes=\"auto, (max-width: 2015px) 100vw, 2015px\" \/><\/figure>\n\n\n\n<div class=\"wp-block-media-text is-stacked-on-mobile is-vertically-aligned-top\" style=\"grid-template-columns:43% auto\"><figure class=\"wp-block-media-text__media\"><img loading=\"lazy\" decoding=\"async\" width=\"636\" height=\"320\" src=\"https:\/\/areaionx.com\/wp-content\/uploads\/2025\/12\/FireSmoke-ezgif.com-optimize_2.gif\" alt=\"\" class=\"wp-image-147 size-full\"\/><\/figure><div class=\"wp-block-media-text__content\">\n<p><strong>Turn Your Cameras into Smart Fire Safety Sensors.<\/strong><\/p>\n\n\n\n<p><strong>AREaiONX<\/strong>\u2019s groundbreaking&nbsp;<strong>Fire and Smoke Analysis<\/strong>&nbsp;module, we are transforming all existing cameras in your open or closed areas into high-precision fire safety sensors. Going beyond traditional smoke detectors, our AI-powered system detects the danger at a much earlier stage using visual signals, allowing for instant intervention.<\/p>\n<\/div><\/div>\n\n\n\n<ul class=\"wp-block-list\">\n<li><strong>Comprehensive Visual Threat Detection:<\/strong>&nbsp;Our system detects not only smoke, but also;&nbsp;<strong>flame, flare, and explosion<\/strong>&nbsp;critical fire indicators, such as flame, flare, and explosion, instantly. This helps you catch the beginning of a fire in its very early stages, preventing disaster.<\/li>\n\n\n\n<li><strong>Adjustable Intensity and Duration-Based Analysis:<\/strong>&nbsp;Flexibly adjust threat detection thresholds according to your facility's risk profile and environmental conditions. Automatically detect conditions such as smoke\/flame persisting for a specific duration or intensity, thereby&nbsp;<strong>minimizing unnecessary alarms<\/strong>, while ensuring maximum sensitivity against genuine threats.<\/li>\n\n\n\n<li><strong>Rapid and Localized Detection:<\/strong>&nbsp;Instantly determine the exact location where the fire or smoke started. This localized detection enables fire departments or response teams to reach the scene much faster and more accurately, minimizing damage and risks.<\/li>\n\n\n\n<li><strong>Critical Area Focused Monitoring:<\/strong>&nbsp;Prioritize high-risk zones (e.g., flammable material storage areas, electrical panels, machine rooms) to make fire and smoke analysis in these areas more sensitive and uninterrupted. In this way, specifically secure the points carrying the highest risk.<\/li>\n\n\n\n<li><strong>Integration with Traditional Systems:<\/strong>&nbsp;Ensure seamless integration with your existing fire alarm systems and automation infrastructure.&nbsp;<strong>AREaiONX<\/strong>alerts from the system can trigger other security and automation systems in your facility (e.g., sprinkler systems, ventilation, door locks) to initiate automated response procedures.<\/li>\n<\/ul>\n\n\n\n<p><strong>AREaiONX Fire and Smoke Analysis<\/strong>&nbsp;protect your business and employees against fire risks at the highest level, adopt a proactive security approach, and minimize potential financial losses.&nbsp;<strong>All critical violation alerts are delivered to you instantly through your selected channels (SMS, email, or mobile application notifications).<\/strong><\/p>\n\n\n\n<p><\/p>","protected":false},"excerpt":{"rendered":"<p>Kameralar\u0131n\u0131z\u0131 Ak\u0131ll\u0131 Birer Yang\u0131n G\u00fcvenli\u011fi Sens\u00f6r\u00fcne D\u00f6n\u00fc\u015ft\u00fcr\u00fcn. AREaiONX&#8216;in \u00e7\u0131\u011f\u0131r a\u00e7an&nbsp;Yang\u0131n ve Duman Analizi&nbsp;mod\u00fcl\u00fcyle, a\u00e7\u0131k veya kapal\u0131 alanlar\u0131n\u0131zdaki mevcut t\u00fcm kameralar\u0131 y\u00fcksek hassasiyetli birer yang\u0131n g\u00fcvenlik sens\u00f6r\u00fcne d\u00f6n\u00fc\u015ft\u00fcr\u00fcyoruz. Geleneksel duman dedekt\u00f6rlerinin \u00f6tesine ge\u00e7en yapay zeka destekli sistemimiz, tehlikeyi \u00e7ok daha erken a\u015famada, g\u00f6rsel sinyallerle tespit ederek an\u0131nda m\u00fcdahale imkan\u0131 sunar. AREaiONX Yang\u0131n ve Duman Analizi&nbsp;ile i\u015fletmenizi [&hellip;]<\/p>\n","protected":false},"author":1,"featured_media":0,"parent":0,"menu_order":0,"comment_status":"closed","ping_status":"closed","template":"","meta":{"_joinchat":[],"footnotes":""},"class_list":["post-145","page","type-page","status-publish","hentry"],"featured_image_url":[],"post_author":"AREaiONX","assigned_categories":"","_links":{"self":[{"href":"https:\/\/www.areaionx.com\/en\/wp-json\/wp\/v2\/pages\/145","targetHints":{"allow":["GET"]}}],"collection":[{"href":"https:\/\/www.areaionx.com\/en\/wp-json\/wp\/v2\/pages"}],"about":[{"href":"https:\/\/www.areaionx.com\/en\/wp-json\/wp\/v2\/types\/page"}],"author":[{"embeddable":true,"href":"https:\/\/www.areaionx.com\/en\/wp-json\/wp\/v2\/users\/1"}],"replies":[{"embeddable":true,"href":"https:\/\/www.areaionx.com\/en\/wp-json\/wp\/v2\/comments?post=145"}],"version-history":[{"count":2,"href":"https:\/\/www.areaionx.com\/en\/wp-json\/wp\/v2\/pages\/145\/revisions"}],"predecessor-version":[{"id":449,"href":"https:\/\/www.areaionx.com\/en\/wp-json\/wp\/v2\/pages\/145\/revisions\/449"}],"wp:attachment":[{"href":"https:\/\/www.areaionx.com\/en\/wp-json\/wp\/v2\/media?parent=145"}],"curies":[{"name":"wp","href":"https:\/\/api.w.org\/{rel}","templated":true}]}}