{"id":142,"date":"2025-12-10T12:37:43","date_gmt":"2025-12-10T12:37:43","guid":{"rendered":"https:\/\/areaionx.com\/?page_id=142"},"modified":"2026-01-12T08:38:17","modified_gmt":"2026-01-12T08:38:17","slug":"sinir-ihlali-sabotaj-gozlemcisi","status":"publish","type":"page","link":"https:\/\/www.areaionx.com\/en\/sinir-ihlali-sabotaj-gozlemcisi\/","title":{"rendered":"S\u0131n\u0131r \u0130hlali-Sabotaj G\u00f6zlemcisi"},"content":{"rendered":"<figure class=\"wp-block-image size-full\"><img loading=\"lazy\" decoding=\"async\" width=\"2015\" height=\"225\" src=\"https:\/\/areaionx.com\/wp-content\/uploads\/2025\/12\/5.1.webp\" alt=\"\" class=\"wp-image-143\" srcset=\"https:\/\/www.areaionx.com\/wp-content\/uploads\/2025\/12\/5.1.webp 2015w, https:\/\/www.areaionx.com\/wp-content\/uploads\/2025\/12\/5.1-300x33.webp 300w, https:\/\/www.areaionx.com\/wp-content\/uploads\/2025\/12\/5.1-1024x114.webp 1024w, https:\/\/www.areaionx.com\/wp-content\/uploads\/2025\/12\/5.1-768x86.webp 768w, https:\/\/www.areaionx.com\/wp-content\/uploads\/2025\/12\/5.1-1536x172.webp 1536w\" sizes=\"auto, (max-width: 2015px) 100vw, 2015px\" \/><\/figure>\n\n\n\n<p><strong>Ensure Seamless Security and Complete Control in Large Areas.<\/strong><\/p>\n\n\n\n<p><strong>AREaiONX<\/strong>'s&nbsp;<strong>Open Area Zone and Boundary Violation Analysis<\/strong>&nbsp;The module autonomously ensures the security of your large and complex open areas. With our AI-powered vision technology, you can continuously monitor even distant or high-risk areas that are difficult to track with traditional methods, and instantly detect unauthorized access and security breaches.<\/p>\n\n\n\n<ul class=\"wp-block-list\">\n<li><strong>Risky Area Surveillance:<\/strong>&nbsp;Proactively monitor risky situations and unauthorized entries in critical areas such as water tanks, scrapyards, construction sites, or hazardous material storage areas. Establish early warning mechanisms against potential dangers.<\/li>\n\n\n\n<li><strong>Boundary Security and Crossing Analysis:<\/strong>&nbsp;Accurately analyze human intrusions, the number of crossings, and the duration of stay along your facility's fences, boundary lines, or virtually defined security zones. By doing so, identify your security vulnerabilities and prevent infiltrations.<\/li>\n\n\n\n<li><strong>Unauthorized Object and Person Detection:<\/strong>&nbsp;Automatically detect objects, persons, and even vehicles entering designated security zones without authorization. This allows for quick and effective intervention against attempted intrusions.<\/li>\n\n\n\n<li><strong>Patrol Routes and Security Routines Analysis:<\/strong>&nbsp;By analyzing the patrol routes and security checks of the security personnel, identify shortcomings in coverage or potential weak points. Receive data-driven recommendations for optimal security routines.<\/li>\n\n\n\n<li><strong>Adaptation to Environmental Conditions:<\/strong>&nbsp;Ensure uninterrupted security thanks to our ability to operate with high accuracy even in challenging weather conditions such as rain, snow, or fog. Our system adapts to changing environmental factors, minimizing false alarms.<\/li>\n<\/ul>\n\n\n\n<p><strong>AREaiONX Open Area Zone and Boundary Violation Analysis<\/strong>&nbsp;establish a continuous security network in your large and sensitive areas, minimize operational risks, and strengthen your legal compliance.&nbsp;<strong>All critical violation alerts are delivered to you instantly through your selected channels (SMS, email, or mobile application notifications).<\/strong><\/p>","protected":false},"excerpt":{"rendered":"<p>Geni\u015f Alanlarda Kesintisiz G\u00fcvenlik ve Tam Kontrol Sa\u011flay\u0131n. AREaiONX&#8216;in&nbsp;A\u00e7\u0131k Alan B\u00f6lge ve S\u0131n\u0131r \u0130hlal Analizi&nbsp;mod\u00fcl\u00fc, b\u00fcy\u00fck ve karma\u015f\u0131k a\u00e7\u0131k alanlar\u0131n\u0131z\u0131n g\u00fcvenli\u011fini otonom bir \u015fekilde sa\u011flar. Yapay zeka destekli g\u00f6rme teknolojimizle, geleneksel y\u00f6ntemlerle takibi zor olan uzak veya riskli b\u00f6lgeleri bile s\u00fcrekli izleyebilir, yetkisiz eri\u015fimleri ve g\u00fcvenlik ihlallerini an\u0131nda tespit edebilirsiniz. AREaiONX A\u00e7\u0131k Alan B\u00f6lge ve [&hellip;]<\/p>\n","protected":false},"author":1,"featured_media":0,"parent":0,"menu_order":0,"comment_status":"closed","ping_status":"closed","template":"","meta":{"_joinchat":[],"footnotes":""},"class_list":["post-142","page","type-page","status-publish","hentry"],"featured_image_url":[],"post_author":"AREaiONX","assigned_categories":"","_links":{"self":[{"href":"https:\/\/www.areaionx.com\/en\/wp-json\/wp\/v2\/pages\/142","targetHints":{"allow":["GET"]}}],"collection":[{"href":"https:\/\/www.areaionx.com\/en\/wp-json\/wp\/v2\/pages"}],"about":[{"href":"https:\/\/www.areaionx.com\/en\/wp-json\/wp\/v2\/types\/page"}],"author":[{"embeddable":true,"href":"https:\/\/www.areaionx.com\/en\/wp-json\/wp\/v2\/users\/1"}],"replies":[{"embeddable":true,"href":"https:\/\/www.areaionx.com\/en\/wp-json\/wp\/v2\/comments?post=142"}],"version-history":[{"count":2,"href":"https:\/\/www.areaionx.com\/en\/wp-json\/wp\/v2\/pages\/142\/revisions"}],"predecessor-version":[{"id":448,"href":"https:\/\/www.areaionx.com\/en\/wp-json\/wp\/v2\/pages\/142\/revisions\/448"}],"wp:attachment":[{"href":"https:\/\/www.areaionx.com\/en\/wp-json\/wp\/v2\/media?parent=142"}],"curies":[{"name":"wp","href":"https:\/\/api.w.org\/{rel}","templated":true}]}}