{"id":109,"date":"2025-12-09T21:27:13","date_gmt":"2025-12-09T21:27:13","guid":{"rendered":"https:\/\/areaionx.com\/?page_id=109"},"modified":"2025-12-09T21:27:13","modified_gmt":"2025-12-09T21:27:13","slug":"neye-ihtiyacim-var","status":"publish","type":"page","link":"https:\/\/www.areaionx.com\/en\/neye-ihtiyacim-var\/","title":{"rendered":"What Do I Need?"},"content":{"rendered":"<p>What You Need to Get Started with the Demo<\/p>\n\n\n\n<ul class=\"wp-block-list\">\n<li><mark style=\"background-color:rgba(0, 0, 0, 0)\" class=\"has-inline-color has-primary-color\">Data-Driven Insights for Comprehensive Reporting and Continuous Improvement<\/mark><br>If you already use IP cameras at your facility, you are ready to integrate AREaiONX instantly. Without the need for additional hardware investment, you can transform your existing infrastructure into an intelligent security and optimization system.<\/li>\n<\/ul>\n\n\n\n<hr class=\"wp-block-separator has-alpha-channel-opacity is-style-wide\"\/>\n\n\n\n<ul class=\"wp-block-list\">\n<li><mark style=\"background-color:rgba(0, 0, 0, 0)\" class=\"has-inline-color has-primary-color\">A Basic Workstation Computer<\/mark><br>For your initial trials and demo process, you do not need high-performance servers or specialized hardware. An existing desktop or laptop business computer (which can also be in a virtual environment) will be sufficient to explore the potential of AREaiONX.<\/li>\n<\/ul>\n\n\n\n<hr class=\"wp-block-separator has-alpha-channel-opacity is-style-wide\"\/>\n\n\n\n<ul class=\"wp-block-list\">\n<li><mark style=\"background-color:rgba(0, 0, 0, 0)\" class=\"has-inline-color has-primary-color\">Being Ready to Try<\/mark><br>By scheduling a demo today, you can experience firsthand how AREaiONX works and observe the benefits it delivers specifically for your facility.<\/li>\n<\/ul>\n\n\n\n<p><strong>Note: <\/strong>After the demo, system resource requirements for full integration and large-scale deployments will naturally vary depending on the selected modules, the size of the monitored area, and the volume of data to be analyzed. However, AREaiONX models are specifically optimized to achieve minimum resource usage and maximum efficiency. As a result, you can achieve the highest performance without compromising your return on investment.<\/p>\n\n\n\n<p><\/p>","protected":false},"excerpt":{"rendered":"<p>Demo Kullan\u0131ma Ba\u015flamak \u0130\u00e7in \u0130htiyac\u0131n\u0131z Olanlar Not: Demo sonras\u0131 tam entegrasyon ve geni\u015f \u00f6l\u00e7ekli uygulamalar i\u00e7in sistem kaynak gereksinimleri, se\u00e7ilen mod\u00fcllere, izleme alan\u0131n\u0131n b\u00fcy\u00fckl\u00fc\u011f\u00fcne ve analiz edilecek veri yo\u011funlu\u011funa g\u00f6re elbette farkl\u0131l\u0131k g\u00f6sterecektir. Ancak AREaiONX modellerimiz, minimum kaynak kullan\u0131m\u0131 ve maksimum verimlilik hedeflenerek \u00f6zel olarak optimize edilmi\u015ftir. Bu sayede, yat\u0131r\u0131m getirinizden \u00f6d\u00fcn vermeden en y\u00fcksek [&hellip;]<\/p>\n","protected":false},"author":1,"featured_media":0,"parent":0,"menu_order":0,"comment_status":"closed","ping_status":"closed","template":"","meta":{"_joinchat":[],"footnotes":""},"class_list":["post-109","page","type-page","status-publish","hentry"],"featured_image_url":[],"post_author":"AREaiONX","assigned_categories":"","_links":{"self":[{"href":"https:\/\/www.areaionx.com\/en\/wp-json\/wp\/v2\/pages\/109","targetHints":{"allow":["GET"]}}],"collection":[{"href":"https:\/\/www.areaionx.com\/en\/wp-json\/wp\/v2\/pages"}],"about":[{"href":"https:\/\/www.areaionx.com\/en\/wp-json\/wp\/v2\/types\/page"}],"author":[{"embeddable":true,"href":"https:\/\/www.areaionx.com\/en\/wp-json\/wp\/v2\/users\/1"}],"replies":[{"embeddable":true,"href":"https:\/\/www.areaionx.com\/en\/wp-json\/wp\/v2\/comments?post=109"}],"version-history":[{"count":1,"href":"https:\/\/www.areaionx.com\/en\/wp-json\/wp\/v2\/pages\/109\/revisions"}],"predecessor-version":[{"id":110,"href":"https:\/\/www.areaionx.com\/en\/wp-json\/wp\/v2\/pages\/109\/revisions\/110"}],"wp:attachment":[{"href":"https:\/\/www.areaionx.com\/en\/wp-json\/wp\/v2\/media?parent=109"}],"curies":[{"name":"wp","href":"https:\/\/api.w.org\/{rel}","templated":true}]}}