{"id":103,"date":"2025-12-09T20:10:44","date_gmt":"2025-12-09T20:10:44","guid":{"rendered":"https:\/\/areaionx.com\/?page_id=103"},"modified":"2026-01-12T07:52:51","modified_gmt":"2026-01-12T07:52:51","slug":"neden-areaionx","status":"publish","type":"page","link":"https:\/\/www.areaionx.com\/en\/neden-areaionx\/","title":{"rendered":"Why AREaiONX"},"content":{"rendered":"<figure class=\"wp-block-image size-full is-style-default\"><img loading=\"lazy\" decoding=\"async\" width=\"1800\" height=\"510\" src=\"https:\/\/areaionx.com\/wp-content\/uploads\/2025\/12\/neden-areaionx.webp\" alt=\"\" class=\"wp-image-104\" srcset=\"https:\/\/www.areaionx.com\/wp-content\/uploads\/2025\/12\/neden-areaionx.webp 1800w, https:\/\/www.areaionx.com\/wp-content\/uploads\/2025\/12\/neden-areaionx-300x85.webp 300w, https:\/\/www.areaionx.com\/wp-content\/uploads\/2025\/12\/neden-areaionx-1024x290.webp 1024w, https:\/\/www.areaionx.com\/wp-content\/uploads\/2025\/12\/neden-areaionx-768x218.webp 768w, https:\/\/www.areaionx.com\/wp-content\/uploads\/2025\/12\/neden-areaionx-1536x435.webp 1536w\" sizes=\"auto, (max-width: 1800px) 100vw, 1800px\" \/><\/figure>\n\n\n\n<p><strong><mark style=\"background-color:rgba(0, 0, 0, 0)\" class=\"has-inline-color has-primary-color\">AREaiONX<\/mark><\/strong>, is a powerful AI-powered solution developed by Sophtrun for industrial safety and process optimization.&nbsp;<strong><mark style=\"background-color:rgba(0, 0, 0, 0)\" class=\"has-inline-color has-primary-color\">AREaiONX, which has proven its success in various projects such as product anomaly detection, conveyor belt product counting, and production performance monitoring,<\/mark><\/strong>, delivers superior performance in production line monitoring, quality control, defect detection, and occupational health and safety (OHS) through computer vision and machine learning.<\/p>\n\n\n\n<p>AREaiONX minimizes safety risks, increases efficiency, and makes operational processes smarter. It enables industrial enterprises to achieve not only error-free production but also safer working environments, making sustainable success possible.<\/p>\n\n\n\n<p>Through real-time monitoring and alert systems, it enables you to detect potential hazards in your workplace in advance and take proactive measures. In this way, it enhances employee safety while ensuring full compliance with your legal obligations.&nbsp;<strong>\u201c<mark style=\"background-color:rgba(0, 0, 0, 0)\" class=\"has-inline-color has-primary-color\">Workplace accidents are preventable.<\/mark>\u201d<\/strong><\/p>\n\n\n\n<p>In force in T\u00fcrkiye&nbsp;<strong><mark style=\"background-color:rgba(0, 0, 0, 0)\" class=\"has-inline-color has-primary-color\">Occupational Health and Safety Law No. 6331<\/mark><\/strong>, requires employers to take the necessary safety measures. Within this scope, the integration of technology into occupational safety is encouraged. AREaiONX has been developed in full compliance with these legal regulations and with the support of Class A Occupational Health and Safety Specialists.<\/p>\n\n\n\n<p><strong><mark style=\"background-color:rgba(0, 0, 0, 0)\" class=\"has-inline-color has-primary-color\">EFQM 2025 Model<\/mark><\/strong>In the EFQM 2025 Model, technology leadership that drives innovation and sustainability (such as the use of artificial intelligence) has become a strategic priority. In line with this vision, AREaiONX is positioned as a tool that strengthens the sustainable future of organizations.<\/p>","protected":false},"excerpt":{"rendered":"<p>AREaiONX, Sophtrun\u2019un end\u00fcstriyel g\u00fcvenlik ve s\u00fcre\u00e7 optimizasyonu i\u00e7in geli\u015ftirdi\u011fi, yapay zek\u00e2 destekli g\u00fc\u00e7l\u00fc bir \u00e7\u00f6z\u00fcmd\u00fcr.&nbsp;\u00dcr\u00fcn anomali takibi, bantta \u00fcr\u00fcn sayma ve \u00fcretim performans\u0131 takibi gibi \u00e7e\u015fitli projelerde ba\u015far\u0131s\u0131n\u0131 kan\u0131tlam\u0131\u015f olan AREaiONX, g\u00f6r\u00fcnt\u00fc i\u015fleme ve makine \u00f6\u011frenimiyle \u00fcretim hatt\u0131 izleme, kalite kontrol, hata tespiti ve \u0130SG (\u0130\u015f Sa\u011fl\u0131\u011f\u0131 ve G\u00fcvenli\u011fi) alanlar\u0131nda \u00fcst\u00fcn performans sunar. AREaiONX, g\u00fcvenlik [&hellip;]<\/p>\n","protected":false},"author":1,"featured_media":0,"parent":0,"menu_order":0,"comment_status":"closed","ping_status":"closed","template":"","meta":{"_joinchat":[],"footnotes":""},"class_list":["post-103","page","type-page","status-publish","hentry"],"featured_image_url":[],"post_author":"AREaiONX","assigned_categories":"","_links":{"self":[{"href":"https:\/\/www.areaionx.com\/en\/wp-json\/wp\/v2\/pages\/103","targetHints":{"allow":["GET"]}}],"collection":[{"href":"https:\/\/www.areaionx.com\/en\/wp-json\/wp\/v2\/pages"}],"about":[{"href":"https:\/\/www.areaionx.com\/en\/wp-json\/wp\/v2\/types\/page"}],"author":[{"embeddable":true,"href":"https:\/\/www.areaionx.com\/en\/wp-json\/wp\/v2\/users\/1"}],"replies":[{"embeddable":true,"href":"https:\/\/www.areaionx.com\/en\/wp-json\/wp\/v2\/comments?post=103"}],"version-history":[{"count":2,"href":"https:\/\/www.areaionx.com\/en\/wp-json\/wp\/v2\/pages\/103\/revisions"}],"predecessor-version":[{"id":435,"href":"https:\/\/www.areaionx.com\/en\/wp-json\/wp\/v2\/pages\/103\/revisions\/435"}],"wp:attachment":[{"href":"https:\/\/www.areaionx.com\/en\/wp-json\/wp\/v2\/media?parent=103"}],"curies":[{"name":"wp","href":"https:\/\/api.w.org\/{rel}","templated":true}]}}